{"id":2501,"date":"2020-10-18T12:12:51","date_gmt":"2020-10-18T10:12:51","guid":{"rendered":"https:\/\/dehesa.controlv.es\/?post_type=product&#038;p=2501"},"modified":"2020-12-21T12:30:51","modified_gmt":"2020-12-21T11:30:51","slug":"vela-de-salchichon-iberico-de-bellota","status":"publish","type":"product","link":"https:\/\/dehesacasablanca.com\/tienda\/producto\/vela-de-salchichon-iberico-de-bellota\/","title":{"rendered":"Vela de Salchich\u00f3n Ib\u00e9rico de Bellota"},"content":{"rendered":"<p>Salchich\u00f3n de Bellota IB\u00c9RICO 50 % Raza Ib\u00e9rica, <strong>pieza entera curada envasada al vac\u00edo.<\/strong><\/p>\n<p><strong>PESO:<\/strong> 400 g (aprox)<\/p>\n<p><strong>Ingredientes:<\/strong> Magro de cerdo, sal, lactosa, prote\u00edna de leche, az\u00facar, dextrina, especias (pimienta y nuez moscada), ajo, vino, antioxidante (E-301 y E-331 iii), colorante (E-120), conservadores (E-252 y E-250). El producto contiene lactosa y prote\u00ednas de leche.<\/p>\n<p><strong>Conservar en un lugar fresco y seco.<\/strong><\/p>\n","protected":false},"excerpt":{"rendered":"<p>El salchich\u00f3n ib\u00e9rico de bellota Dehesa Casablanca es conocido por ser tener un toque diferente y sabroso. Solo con el magro de bellota mejor escogido y con una elaboraci\u00f3n apropiada y de forma artesanal en todo su proceso, as\u00ed como su curaci\u00f3n solo en secaderos naturales, podemos lograrlo.<\/p>\n<p>Los aromas, el sabor que otorga una alimentaci\u00f3n a base de bellota y productos naturales, quedan reflejados en cada bocado.<\/p>\n","protected":false},"featured_media":2506,"comment_status":"open","ping_status":"closed","template":"","meta":{"_et_pb_use_builder":"","_et_pb_old_content":"","_et_gb_content_width":""},"product_cat":[26],"product_tag":[],"yoast_head":"<!-- This site is optimized with the Yoast SEO plugin v17.6 - https:\/\/yoast.com\/wordpress\/plugins\/seo\/ -->\n<title>Vela de Salchich\u00f3n Ib\u00e9rico de Bellota - Dehesa Casablanca<\/title>\n<meta name=\"robots\" content=\"index, follow, max-snippet:-1, max-image-preview:large, max-video-preview:-1\" \/>\n<link rel=\"canonical\" href=\"https:\/\/dehesacasablanca.com\/tienda\/producto\/vela-de-salchichon-iberico-de-bellota\/\" \/>\n<meta property=\"og:locale\" content=\"es_ES\" \/>\n<meta property=\"og:type\" content=\"article\" \/>\n<meta property=\"og:title\" content=\"Vela de Salchich\u00f3n Ib\u00e9rico de Bellota - Dehesa Casablanca\" \/>\n<meta property=\"og:description\" content=\"El salchich\u00f3n ib\u00e9rico de bellota Dehesa Casablanca es conocido por ser tener un toque diferente y sabroso. Solo con el magro de bellota mejor escogido y con una elaboraci\u00f3n apropiada y de forma artesanal en todo su proceso, as\u00ed como su curaci\u00f3n solo en secaderos naturales, podemos lograrlo.  Los aromas, el sabor que otorga una alimentaci\u00f3n a base de bellota y productos naturales, quedan reflejados en cada bocado.\" \/>\n<meta property=\"og:url\" content=\"https:\/\/dehesacasablanca.com\/tienda\/producto\/vela-de-salchichon-iberico-de-bellota\/\" \/>\n<meta property=\"og:site_name\" content=\"Dehesa Casablanca\" \/>\n<meta property=\"article:modified_time\" content=\"2020-12-21T11:30:51+00:00\" \/>\n<meta property=\"og:image\" content=\"https:\/\/dehesacasablanca.com\/tienda\/wp-content\/uploads\/2020\/10\/vela-salchichon-dehesa-casablanca.jpg\" \/>\n\t<meta property=\"og:image:width\" content=\"1600\" \/>\n\t<meta property=\"og:image:height\" content=\"1829\" \/>\n<meta name=\"twitter:card\" content=\"summary_large_image\" \/>\n<script type=\"application\/ld+json\" class=\"yoast-schema-graph\">{\"@context\":\"https:\/\/schema.org\",\"@graph\":[{\"@type\":\"WebSite\",\"@id\":\"https:\/\/dehesacasablanca.com\/tienda\/#website\",\"url\":\"https:\/\/dehesacasablanca.com\/tienda\/\",\"name\":\"Dehesa Casablanca\",\"description\":\"Cr\\u00eda y cuidado del cerdo ib\\u00e9rico\",\"potentialAction\":[{\"@type\":\"SearchAction\",\"target\":{\"@type\":\"EntryPoint\",\"urlTemplate\":\"https:\/\/dehesacasablanca.com\/tienda\/?s={search_term_string}\"},\"query-input\":\"required name=search_term_string\"}],\"inLanguage\":\"es\"},{\"@type\":\"ImageObject\",\"@id\":\"https:\/\/dehesacasablanca.com\/tienda\/producto\/vela-de-salchichon-iberico-de-bellota\/#primaryimage\",\"inLanguage\":\"es\",\"url\":\"https:\/\/dehesacasablanca.com\/tienda\/wp-content\/uploads\/2020\/10\/vela-salchichon-dehesa-casablanca.jpg\",\"contentUrl\":\"https:\/\/dehesacasablanca.com\/tienda\/wp-content\/uploads\/2020\/10\/vela-salchichon-dehesa-casablanca.jpg\",\"width\":1600,\"height\":1829,\"caption\":\"Vela salchich\\u00f3n\"},{\"@type\":\"WebPage\",\"@id\":\"https:\/\/dehesacasablanca.com\/tienda\/producto\/vela-de-salchichon-iberico-de-bellota\/#webpage\",\"url\":\"https:\/\/dehesacasablanca.com\/tienda\/producto\/vela-de-salchichon-iberico-de-bellota\/\",\"name\":\"Vela de Salchich\\u00f3n Ib\\u00e9rico de Bellota - Dehesa Casablanca\",\"isPartOf\":{\"@id\":\"https:\/\/dehesacasablanca.com\/tienda\/#website\"},\"primaryImageOfPage\":{\"@id\":\"https:\/\/dehesacasablanca.com\/tienda\/producto\/vela-de-salchichon-iberico-de-bellota\/#primaryimage\"},\"datePublished\":\"2020-10-18T10:12:51+00:00\",\"dateModified\":\"2020-12-21T11:30:51+00:00\",\"breadcrumb\":{\"@id\":\"https:\/\/dehesacasablanca.com\/tienda\/producto\/vela-de-salchichon-iberico-de-bellota\/#breadcrumb\"},\"inLanguage\":\"es\",\"potentialAction\":[{\"@type\":\"ReadAction\",\"target\":[\"https:\/\/dehesacasablanca.com\/tienda\/producto\/vela-de-salchichon-iberico-de-bellota\/\"]}]},{\"@type\":\"BreadcrumbList\",\"@id\":\"https:\/\/dehesacasablanca.com\/tienda\/producto\/vela-de-salchichon-iberico-de-bellota\/#breadcrumb\",\"itemListElement\":[{\"@type\":\"ListItem\",\"position\":1,\"name\":\"Home\",\"item\":\"https:\/\/dehesacasablanca.com\/tienda\/\"},{\"@type\":\"ListItem\",\"position\":2,\"name\":\"Productos\",\"item\":\"https:\/\/dehesacasablanca.com\/tienda\/shop\/\"},{\"@type\":\"ListItem\",\"position\":3,\"name\":\"Vela de Salchich\\u00f3n Ib\\u00e9rico de Bellota\"}]}]}<\/script>\n<!-- \/ Yoast SEO plugin. -->","yoast_head_json":{"title":"Vela de Salchich\u00f3n Ib\u00e9rico de Bellota - Dehesa Casablanca","robots":{"index":"index","follow":"follow","max-snippet":"max-snippet:-1","max-image-preview":"max-image-preview:large","max-video-preview":"max-video-preview:-1"},"canonical":"https:\/\/dehesacasablanca.com\/tienda\/producto\/vela-de-salchichon-iberico-de-bellota\/","og_locale":"es_ES","og_type":"article","og_title":"Vela de Salchich\u00f3n Ib\u00e9rico de Bellota - Dehesa Casablanca","og_description":"El salchich\u00f3n ib\u00e9rico de bellota Dehesa Casablanca es conocido por ser tener un toque diferente y sabroso. Solo con el magro de bellota mejor escogido y con una elaboraci\u00f3n apropiada y de forma artesanal en todo su proceso, as\u00ed como su curaci\u00f3n solo en secaderos naturales, podemos lograrlo.  Los aromas, el sabor que otorga una alimentaci\u00f3n a base de bellota y productos naturales, quedan reflejados en cada bocado.","og_url":"https:\/\/dehesacasablanca.com\/tienda\/producto\/vela-de-salchichon-iberico-de-bellota\/","og_site_name":"Dehesa Casablanca","article_modified_time":"2020-12-21T11:30:51+00:00","og_image":[{"width":1600,"height":1829,"url":"https:\/\/dehesacasablanca.com\/tienda\/wp-content\/uploads\/2020\/10\/vela-salchichon-dehesa-casablanca.jpg","type":"image\/jpeg"}],"twitter_card":"summary_large_image","schema":{"@context":"https:\/\/schema.org","@graph":[{"@type":"WebSite","@id":"https:\/\/dehesacasablanca.com\/tienda\/#website","url":"https:\/\/dehesacasablanca.com\/tienda\/","name":"Dehesa Casablanca","description":"Cr\u00eda y cuidado del cerdo ib\u00e9rico","potentialAction":[{"@type":"SearchAction","target":{"@type":"EntryPoint","urlTemplate":"https:\/\/dehesacasablanca.com\/tienda\/?s={search_term_string}"},"query-input":"required name=search_term_string"}],"inLanguage":"es"},{"@type":"ImageObject","@id":"https:\/\/dehesacasablanca.com\/tienda\/producto\/vela-de-salchichon-iberico-de-bellota\/#primaryimage","inLanguage":"es","url":"https:\/\/dehesacasablanca.com\/tienda\/wp-content\/uploads\/2020\/10\/vela-salchichon-dehesa-casablanca.jpg","contentUrl":"https:\/\/dehesacasablanca.com\/tienda\/wp-content\/uploads\/2020\/10\/vela-salchichon-dehesa-casablanca.jpg","width":1600,"height":1829,"caption":"Vela salchich\u00f3n"},{"@type":"WebPage","@id":"https:\/\/dehesacasablanca.com\/tienda\/producto\/vela-de-salchichon-iberico-de-bellota\/#webpage","url":"https:\/\/dehesacasablanca.com\/tienda\/producto\/vela-de-salchichon-iberico-de-bellota\/","name":"Vela de Salchich\u00f3n Ib\u00e9rico de Bellota - Dehesa Casablanca","isPartOf":{"@id":"https:\/\/dehesacasablanca.com\/tienda\/#website"},"primaryImageOfPage":{"@id":"https:\/\/dehesacasablanca.com\/tienda\/producto\/vela-de-salchichon-iberico-de-bellota\/#primaryimage"},"datePublished":"2020-10-18T10:12:51+00:00","dateModified":"2020-12-21T11:30:51+00:00","breadcrumb":{"@id":"https:\/\/dehesacasablanca.com\/tienda\/producto\/vela-de-salchichon-iberico-de-bellota\/#breadcrumb"},"inLanguage":"es","potentialAction":[{"@type":"ReadAction","target":["https:\/\/dehesacasablanca.com\/tienda\/producto\/vela-de-salchichon-iberico-de-bellota\/"]}]},{"@type":"BreadcrumbList","@id":"https:\/\/dehesacasablanca.com\/tienda\/producto\/vela-de-salchichon-iberico-de-bellota\/#breadcrumb","itemListElement":[{"@type":"ListItem","position":1,"name":"Home","item":"https:\/\/dehesacasablanca.com\/tienda\/"},{"@type":"ListItem","position":2,"name":"Productos","item":"https:\/\/dehesacasablanca.com\/tienda\/shop\/"},{"@type":"ListItem","position":3,"name":"Vela de Salchich\u00f3n Ib\u00e9rico de Bellota"}]}]}},"_links":{"self":[{"href":"https:\/\/dehesacasablanca.com\/tienda\/wp-json\/wp\/v2\/product\/2501"}],"collection":[{"href":"https:\/\/dehesacasablanca.com\/tienda\/wp-json\/wp\/v2\/product"}],"about":[{"href":"https:\/\/dehesacasablanca.com\/tienda\/wp-json\/wp\/v2\/types\/product"}],"replies":[{"embeddable":true,"href":"https:\/\/dehesacasablanca.com\/tienda\/wp-json\/wp\/v2\/comments?post=2501"}],"wp:featuredmedia":[{"embeddable":true,"href":"https:\/\/dehesacasablanca.com\/tienda\/wp-json\/wp\/v2\/media\/2506"}],"wp:attachment":[{"href":"https:\/\/dehesacasablanca.com\/tienda\/wp-json\/wp\/v2\/media?parent=2501"}],"wp:term":[{"taxonomy":"product_cat","embeddable":true,"href":"https:\/\/dehesacasablanca.com\/tienda\/wp-json\/wp\/v2\/product_cat?post=2501"},{"taxonomy":"product_tag","embeddable":true,"href":"https:\/\/dehesacasablanca.com\/tienda\/wp-json\/wp\/v2\/product_tag?post=2501"}],"curies":[{"name":"wp","href":"https:\/\/api.w.org\/{rel}","templated":true}]}}