{"id":2474,"date":"2020-10-17T11:52:56","date_gmt":"2020-10-17T09:52:56","guid":{"rendered":"https:\/\/dehesa.controlv.es\/?post_type=product&#038;p=2474"},"modified":"2021-05-10T11:32:27","modified_gmt":"2021-05-10T09:32:27","slug":"pack-6-para-celebrar","status":"publish","type":"product","link":"https:\/\/dehesacasablanca.com\/tienda\/producto\/pack-6-para-celebrar\/","title":{"rendered":"Pack 6 &#8211; Para Celebrar"},"content":{"rendered":"","protected":false},"excerpt":{"rendered":"<ul>\n<li>1 Paleta de Bellota Ib\u00e9rica 50% Raza Ib\u00e9rica (5kg aprox)<\/li>\n<li>1 Lomo de Bellota Ib\u00e9rico 50% Raza Ib\u00e9rica (1,100 kg aprox)<\/li>\n<li>1 Vela Ib\u00e9rica de Chorizo Picante (400g aprox)<\/li>\n<\/ul>\n","protected":false},"featured_media":2499,"comment_status":"open","ping_status":"closed","template":"","meta":{"_et_pb_use_builder":"","_et_pb_old_content":"","_et_gb_content_width":""},"product_cat":[68],"product_tag":[],"yoast_head":"<!-- This site is optimized with the Yoast SEO plugin v17.6 - https:\/\/yoast.com\/wordpress\/plugins\/seo\/ -->\n<title>Pack 6 - Para Celebrar - Dehesa Casablanca<\/title>\n<meta name=\"robots\" content=\"index, follow, max-snippet:-1, max-image-preview:large, max-video-preview:-1\" \/>\n<link rel=\"canonical\" href=\"https:\/\/dehesacasablanca.com\/tienda\/producto\/pack-6-para-celebrar\/\" \/>\n<meta property=\"og:locale\" content=\"es_ES\" \/>\n<meta property=\"og:type\" content=\"article\" \/>\n<meta property=\"og:title\" content=\"Pack 6 - Para Celebrar - Dehesa Casablanca\" \/>\n<meta property=\"og:description\" content=\"1 Paleta de Bellota Ib\u00e9rica 50% Raza Ib\u00e9rica (5kg aprox)  1 Lomo de Bellota Ib\u00e9rico 50% Raza Ib\u00e9rica (1,100 kg aprox)  1 Vela Ib\u00e9rica de Chorizo Picante (400g aprox)\" \/>\n<meta property=\"og:url\" content=\"https:\/\/dehesacasablanca.com\/tienda\/producto\/pack-6-para-celebrar\/\" \/>\n<meta property=\"og:site_name\" content=\"Dehesa Casablanca\" \/>\n<meta property=\"article:modified_time\" content=\"2021-05-10T09:32:27+00:00\" \/>\n<meta property=\"og:image\" content=\"https:\/\/dehesacasablanca.com\/tienda\/wp-content\/uploads\/2020\/10\/pack-iberico-6-dehesa-casablanca.jpg\" \/>\n\t<meta property=\"og:image:width\" content=\"1600\" \/>\n\t<meta property=\"og:image:height\" content=\"1829\" \/>\n<meta name=\"twitter:card\" content=\"summary_large_image\" \/>\n<script type=\"application\/ld+json\" class=\"yoast-schema-graph\">{\"@context\":\"https:\/\/schema.org\",\"@graph\":[{\"@type\":\"WebSite\",\"@id\":\"https:\/\/dehesacasablanca.com\/tienda\/#website\",\"url\":\"https:\/\/dehesacasablanca.com\/tienda\/\",\"name\":\"Dehesa Casablanca\",\"description\":\"Cr\\u00eda y cuidado del cerdo ib\\u00e9rico\",\"potentialAction\":[{\"@type\":\"SearchAction\",\"target\":{\"@type\":\"EntryPoint\",\"urlTemplate\":\"https:\/\/dehesacasablanca.com\/tienda\/?s={search_term_string}\"},\"query-input\":\"required name=search_term_string\"}],\"inLanguage\":\"es\"},{\"@type\":\"ImageObject\",\"@id\":\"https:\/\/dehesacasablanca.com\/tienda\/producto\/pack-6-para-celebrar\/#primaryimage\",\"inLanguage\":\"es\",\"url\":\"https:\/\/dehesacasablanca.com\/tienda\/wp-content\/uploads\/2020\/10\/pack-iberico-6-dehesa-casablanca.jpg\",\"contentUrl\":\"https:\/\/dehesacasablanca.com\/tienda\/wp-content\/uploads\/2020\/10\/pack-iberico-6-dehesa-casablanca.jpg\",\"width\":1600,\"height\":1829,\"caption\":\"Pack ib\\u00e9rico\"},{\"@type\":\"WebPage\",\"@id\":\"https:\/\/dehesacasablanca.com\/tienda\/producto\/pack-6-para-celebrar\/#webpage\",\"url\":\"https:\/\/dehesacasablanca.com\/tienda\/producto\/pack-6-para-celebrar\/\",\"name\":\"Pack 6 - Para Celebrar - Dehesa Casablanca\",\"isPartOf\":{\"@id\":\"https:\/\/dehesacasablanca.com\/tienda\/#website\"},\"primaryImageOfPage\":{\"@id\":\"https:\/\/dehesacasablanca.com\/tienda\/producto\/pack-6-para-celebrar\/#primaryimage\"},\"datePublished\":\"2020-10-17T09:52:56+00:00\",\"dateModified\":\"2021-05-10T09:32:27+00:00\",\"breadcrumb\":{\"@id\":\"https:\/\/dehesacasablanca.com\/tienda\/producto\/pack-6-para-celebrar\/#breadcrumb\"},\"inLanguage\":\"es\",\"potentialAction\":[{\"@type\":\"ReadAction\",\"target\":[\"https:\/\/dehesacasablanca.com\/tienda\/producto\/pack-6-para-celebrar\/\"]}]},{\"@type\":\"BreadcrumbList\",\"@id\":\"https:\/\/dehesacasablanca.com\/tienda\/producto\/pack-6-para-celebrar\/#breadcrumb\",\"itemListElement\":[{\"@type\":\"ListItem\",\"position\":1,\"name\":\"Home\",\"item\":\"https:\/\/dehesacasablanca.com\/tienda\/\"},{\"@type\":\"ListItem\",\"position\":2,\"name\":\"Productos\",\"item\":\"https:\/\/dehesacasablanca.com\/tienda\/shop\/\"},{\"@type\":\"ListItem\",\"position\":3,\"name\":\"Pack 6 &#8211; Para Celebrar\"}]}]}<\/script>\n<!-- \/ Yoast SEO plugin. -->","yoast_head_json":{"title":"Pack 6 - Para Celebrar - Dehesa Casablanca","robots":{"index":"index","follow":"follow","max-snippet":"max-snippet:-1","max-image-preview":"max-image-preview:large","max-video-preview":"max-video-preview:-1"},"canonical":"https:\/\/dehesacasablanca.com\/tienda\/producto\/pack-6-para-celebrar\/","og_locale":"es_ES","og_type":"article","og_title":"Pack 6 - Para Celebrar - Dehesa Casablanca","og_description":"1 Paleta de Bellota Ib\u00e9rica 50% Raza Ib\u00e9rica (5kg aprox)  1 Lomo de Bellota Ib\u00e9rico 50% Raza Ib\u00e9rica (1,100 kg aprox)  1 Vela Ib\u00e9rica de Chorizo Picante (400g aprox)","og_url":"https:\/\/dehesacasablanca.com\/tienda\/producto\/pack-6-para-celebrar\/","og_site_name":"Dehesa Casablanca","article_modified_time":"2021-05-10T09:32:27+00:00","og_image":[{"width":1600,"height":1829,"url":"https:\/\/dehesacasablanca.com\/tienda\/wp-content\/uploads\/2020\/10\/pack-iberico-6-dehesa-casablanca.jpg","type":"image\/jpeg"}],"twitter_card":"summary_large_image","schema":{"@context":"https:\/\/schema.org","@graph":[{"@type":"WebSite","@id":"https:\/\/dehesacasablanca.com\/tienda\/#website","url":"https:\/\/dehesacasablanca.com\/tienda\/","name":"Dehesa Casablanca","description":"Cr\u00eda y cuidado del cerdo ib\u00e9rico","potentialAction":[{"@type":"SearchAction","target":{"@type":"EntryPoint","urlTemplate":"https:\/\/dehesacasablanca.com\/tienda\/?s={search_term_string}"},"query-input":"required name=search_term_string"}],"inLanguage":"es"},{"@type":"ImageObject","@id":"https:\/\/dehesacasablanca.com\/tienda\/producto\/pack-6-para-celebrar\/#primaryimage","inLanguage":"es","url":"https:\/\/dehesacasablanca.com\/tienda\/wp-content\/uploads\/2020\/10\/pack-iberico-6-dehesa-casablanca.jpg","contentUrl":"https:\/\/dehesacasablanca.com\/tienda\/wp-content\/uploads\/2020\/10\/pack-iberico-6-dehesa-casablanca.jpg","width":1600,"height":1829,"caption":"Pack ib\u00e9rico"},{"@type":"WebPage","@id":"https:\/\/dehesacasablanca.com\/tienda\/producto\/pack-6-para-celebrar\/#webpage","url":"https:\/\/dehesacasablanca.com\/tienda\/producto\/pack-6-para-celebrar\/","name":"Pack 6 - Para Celebrar - Dehesa Casablanca","isPartOf":{"@id":"https:\/\/dehesacasablanca.com\/tienda\/#website"},"primaryImageOfPage":{"@id":"https:\/\/dehesacasablanca.com\/tienda\/producto\/pack-6-para-celebrar\/#primaryimage"},"datePublished":"2020-10-17T09:52:56+00:00","dateModified":"2021-05-10T09:32:27+00:00","breadcrumb":{"@id":"https:\/\/dehesacasablanca.com\/tienda\/producto\/pack-6-para-celebrar\/#breadcrumb"},"inLanguage":"es","potentialAction":[{"@type":"ReadAction","target":["https:\/\/dehesacasablanca.com\/tienda\/producto\/pack-6-para-celebrar\/"]}]},{"@type":"BreadcrumbList","@id":"https:\/\/dehesacasablanca.com\/tienda\/producto\/pack-6-para-celebrar\/#breadcrumb","itemListElement":[{"@type":"ListItem","position":1,"name":"Home","item":"https:\/\/dehesacasablanca.com\/tienda\/"},{"@type":"ListItem","position":2,"name":"Productos","item":"https:\/\/dehesacasablanca.com\/tienda\/shop\/"},{"@type":"ListItem","position":3,"name":"Pack 6 &#8211; Para Celebrar"}]}]}},"_links":{"self":[{"href":"https:\/\/dehesacasablanca.com\/tienda\/wp-json\/wp\/v2\/product\/2474"}],"collection":[{"href":"https:\/\/dehesacasablanca.com\/tienda\/wp-json\/wp\/v2\/product"}],"about":[{"href":"https:\/\/dehesacasablanca.com\/tienda\/wp-json\/wp\/v2\/types\/product"}],"replies":[{"embeddable":true,"href":"https:\/\/dehesacasablanca.com\/tienda\/wp-json\/wp\/v2\/comments?post=2474"}],"wp:featuredmedia":[{"embeddable":true,"href":"https:\/\/dehesacasablanca.com\/tienda\/wp-json\/wp\/v2\/media\/2499"}],"wp:attachment":[{"href":"https:\/\/dehesacasablanca.com\/tienda\/wp-json\/wp\/v2\/media?parent=2474"}],"wp:term":[{"taxonomy":"product_cat","embeddable":true,"href":"https:\/\/dehesacasablanca.com\/tienda\/wp-json\/wp\/v2\/product_cat?post=2474"},{"taxonomy":"product_tag","embeddable":true,"href":"https:\/\/dehesacasablanca.com\/tienda\/wp-json\/wp\/v2\/product_tag?post=2474"}],"curies":[{"name":"wp","href":"https:\/\/api.w.org\/{rel}","templated":true}]}}