{"id":2357,"date":"2020-10-15T19:17:24","date_gmt":"2020-10-15T17:17:24","guid":{"rendered":"https:\/\/dehesa.controlv.es\/?post_type=product&#038;p=2357"},"modified":"2021-04-14T11:07:03","modified_gmt":"2021-04-14T09:07:03","slug":"jamon-de-cebo-de-campo-iberico-50-raza-iberica","status":"publish","type":"product","link":"https:\/\/dehesacasablanca.com\/tienda\/producto\/jamon-de-cebo-de-campo-iberico-50-raza-iberica\/","title":{"rendered":"Jam\u00f3n de Cebo de Campo Ib\u00e9rico &#8211; 50% Raza Ib\u00e9rica"},"content":{"rendered":"<p>Jam\u00f3n de Cebo campo comercializado en <strong>pieza entera, curada, recubierto de papel parafinado y malla.<\/strong><\/p>\n<p><strong>Ingredientes:<\/strong> Jam\u00f3n de Cebo campo, sal, conservadores (E250 y E252), lactosa y antioxidante (E331). El producto contiene lactosa.<\/p>\n<p><strong>Conservar en lugar fresco, seco y a temperatura ambiente.<\/strong><\/p>\n","protected":false},"excerpt":{"rendered":"<p>El jam\u00f3n de Cebo Campo Ib\u00e9rico 50% Raza Ib\u00e9rica, es la conjunci\u00f3n de un sentimiento, de un querer buscar la excelencia como en el proceso de elaboraci\u00f3n y curaci\u00f3n.<\/p>\n<p>La calidad comienza desde el momento del nacimiento del animal, la pureza de su raza, su alimentaci\u00f3n en las diferentes fases de crecimiento.<\/p>\n<p>Los pesos van desde 7,5 kg a 9.5 kg, y depende de la a\u00f1ada.<\/p>\n","protected":false},"featured_media":2661,"comment_status":"open","ping_status":"closed","template":"","meta":{"_et_pb_use_builder":"","_et_pb_old_content":"","_et_gb_content_width":""},"product_cat":[20],"product_tag":[],"yoast_head":"<!-- This site is optimized with the Yoast SEO plugin v17.6 - https:\/\/yoast.com\/wordpress\/plugins\/seo\/ -->\n<title>Jam\u00f3n de Cebo de Campo Ib\u00e9rico - 50% Raza Ib\u00e9rica - Dehesa Casablanca<\/title>\n<meta name=\"robots\" content=\"index, follow, max-snippet:-1, max-image-preview:large, max-video-preview:-1\" \/>\n<link rel=\"canonical\" href=\"https:\/\/dehesacasablanca.com\/tienda\/producto\/jamon-de-cebo-de-campo-iberico-50-raza-iberica\/\" \/>\n<meta property=\"og:locale\" content=\"es_ES\" \/>\n<meta property=\"og:type\" content=\"article\" \/>\n<meta property=\"og:title\" content=\"Jam\u00f3n de Cebo de Campo Ib\u00e9rico - 50% Raza Ib\u00e9rica - Dehesa Casablanca\" \/>\n<meta property=\"og:description\" content=\"El jam\u00f3n de Cebo Campo Ib\u00e9rico 50% Raza Ib\u00e9rica, es la conjunci\u00f3n de un sentimiento, de un querer buscar la excelencia como en el proceso de elaboraci\u00f3n y curaci\u00f3n.  La calidad comienza desde el momento del nacimiento del animal, la pureza de su raza, su alimentaci\u00f3n en las diferentes fases de crecimiento.  Los pesos van desde 7,5 kg a 9.5 kg, y depende de la a\u00f1ada.\" \/>\n<meta property=\"og:url\" content=\"https:\/\/dehesacasablanca.com\/tienda\/producto\/jamon-de-cebo-de-campo-iberico-50-raza-iberica\/\" \/>\n<meta property=\"og:site_name\" content=\"Dehesa Casablanca\" \/>\n<meta property=\"article:modified_time\" content=\"2021-04-14T09:07:03+00:00\" \/>\n<meta property=\"og:image\" content=\"https:\/\/dehesacasablanca.com\/tienda\/wp-content\/uploads\/2020\/10\/jamon-cebo-campo-iberico-dehesa-casablanca-1.jpg\" \/>\n\t<meta property=\"og:image:width\" content=\"1600\" \/>\n\t<meta property=\"og:image:height\" content=\"1829\" \/>\n<meta name=\"twitter:card\" content=\"summary_large_image\" \/>\n<script type=\"application\/ld+json\" class=\"yoast-schema-graph\">{\"@context\":\"https:\/\/schema.org\",\"@graph\":[{\"@type\":\"WebSite\",\"@id\":\"https:\/\/dehesacasablanca.com\/tienda\/#website\",\"url\":\"https:\/\/dehesacasablanca.com\/tienda\/\",\"name\":\"Dehesa Casablanca\",\"description\":\"Cr\\u00eda y cuidado del cerdo ib\\u00e9rico\",\"potentialAction\":[{\"@type\":\"SearchAction\",\"target\":{\"@type\":\"EntryPoint\",\"urlTemplate\":\"https:\/\/dehesacasablanca.com\/tienda\/?s={search_term_string}\"},\"query-input\":\"required name=search_term_string\"}],\"inLanguage\":\"es\"},{\"@type\":\"ImageObject\",\"@id\":\"https:\/\/dehesacasablanca.com\/tienda\/producto\/jamon-de-cebo-de-campo-iberico-50-raza-iberica\/#primaryimage\",\"inLanguage\":\"es\",\"url\":\"https:\/\/dehesacasablanca.com\/tienda\/wp-content\/uploads\/2020\/10\/jamon-cebo-campo-iberico-dehesa-casablanca-1.jpg\",\"contentUrl\":\"https:\/\/dehesacasablanca.com\/tienda\/wp-content\/uploads\/2020\/10\/jamon-cebo-campo-iberico-dehesa-casablanca-1.jpg\",\"width\":1600,\"height\":1829},{\"@type\":\"WebPage\",\"@id\":\"https:\/\/dehesacasablanca.com\/tienda\/producto\/jamon-de-cebo-de-campo-iberico-50-raza-iberica\/#webpage\",\"url\":\"https:\/\/dehesacasablanca.com\/tienda\/producto\/jamon-de-cebo-de-campo-iberico-50-raza-iberica\/\",\"name\":\"Jam\\u00f3n de Cebo de Campo Ib\\u00e9rico - 50% Raza Ib\\u00e9rica - Dehesa Casablanca\",\"isPartOf\":{\"@id\":\"https:\/\/dehesacasablanca.com\/tienda\/#website\"},\"primaryImageOfPage\":{\"@id\":\"https:\/\/dehesacasablanca.com\/tienda\/producto\/jamon-de-cebo-de-campo-iberico-50-raza-iberica\/#primaryimage\"},\"datePublished\":\"2020-10-15T17:17:24+00:00\",\"dateModified\":\"2021-04-14T09:07:03+00:00\",\"breadcrumb\":{\"@id\":\"https:\/\/dehesacasablanca.com\/tienda\/producto\/jamon-de-cebo-de-campo-iberico-50-raza-iberica\/#breadcrumb\"},\"inLanguage\":\"es\",\"potentialAction\":[{\"@type\":\"ReadAction\",\"target\":[\"https:\/\/dehesacasablanca.com\/tienda\/producto\/jamon-de-cebo-de-campo-iberico-50-raza-iberica\/\"]}]},{\"@type\":\"BreadcrumbList\",\"@id\":\"https:\/\/dehesacasablanca.com\/tienda\/producto\/jamon-de-cebo-de-campo-iberico-50-raza-iberica\/#breadcrumb\",\"itemListElement\":[{\"@type\":\"ListItem\",\"position\":1,\"name\":\"Home\",\"item\":\"https:\/\/dehesacasablanca.com\/tienda\/\"},{\"@type\":\"ListItem\",\"position\":2,\"name\":\"Productos\",\"item\":\"https:\/\/dehesacasablanca.com\/tienda\/shop\/\"},{\"@type\":\"ListItem\",\"position\":3,\"name\":\"Jam\\u00f3n de Cebo de Campo Ib\\u00e9rico &#8211; 50% Raza Ib\\u00e9rica\"}]}]}<\/script>\n<!-- \/ Yoast SEO plugin. -->","yoast_head_json":{"title":"Jam\u00f3n de Cebo de Campo Ib\u00e9rico - 50% Raza Ib\u00e9rica - Dehesa Casablanca","robots":{"index":"index","follow":"follow","max-snippet":"max-snippet:-1","max-image-preview":"max-image-preview:large","max-video-preview":"max-video-preview:-1"},"canonical":"https:\/\/dehesacasablanca.com\/tienda\/producto\/jamon-de-cebo-de-campo-iberico-50-raza-iberica\/","og_locale":"es_ES","og_type":"article","og_title":"Jam\u00f3n de Cebo de Campo Ib\u00e9rico - 50% Raza Ib\u00e9rica - Dehesa Casablanca","og_description":"El jam\u00f3n de Cebo Campo Ib\u00e9rico 50% Raza Ib\u00e9rica, es la conjunci\u00f3n de un sentimiento, de un querer buscar la excelencia como en el proceso de elaboraci\u00f3n y curaci\u00f3n.  La calidad comienza desde el momento del nacimiento del animal, la pureza de su raza, su alimentaci\u00f3n en las diferentes fases de crecimiento.  Los pesos van desde 7,5 kg a 9.5 kg, y depende de la a\u00f1ada.","og_url":"https:\/\/dehesacasablanca.com\/tienda\/producto\/jamon-de-cebo-de-campo-iberico-50-raza-iberica\/","og_site_name":"Dehesa Casablanca","article_modified_time":"2021-04-14T09:07:03+00:00","og_image":[{"width":1600,"height":1829,"url":"https:\/\/dehesacasablanca.com\/tienda\/wp-content\/uploads\/2020\/10\/jamon-cebo-campo-iberico-dehesa-casablanca-1.jpg","type":"image\/jpeg"}],"twitter_card":"summary_large_image","schema":{"@context":"https:\/\/schema.org","@graph":[{"@type":"WebSite","@id":"https:\/\/dehesacasablanca.com\/tienda\/#website","url":"https:\/\/dehesacasablanca.com\/tienda\/","name":"Dehesa Casablanca","description":"Cr\u00eda y cuidado del cerdo ib\u00e9rico","potentialAction":[{"@type":"SearchAction","target":{"@type":"EntryPoint","urlTemplate":"https:\/\/dehesacasablanca.com\/tienda\/?s={search_term_string}"},"query-input":"required name=search_term_string"}],"inLanguage":"es"},{"@type":"ImageObject","@id":"https:\/\/dehesacasablanca.com\/tienda\/producto\/jamon-de-cebo-de-campo-iberico-50-raza-iberica\/#primaryimage","inLanguage":"es","url":"https:\/\/dehesacasablanca.com\/tienda\/wp-content\/uploads\/2020\/10\/jamon-cebo-campo-iberico-dehesa-casablanca-1.jpg","contentUrl":"https:\/\/dehesacasablanca.com\/tienda\/wp-content\/uploads\/2020\/10\/jamon-cebo-campo-iberico-dehesa-casablanca-1.jpg","width":1600,"height":1829},{"@type":"WebPage","@id":"https:\/\/dehesacasablanca.com\/tienda\/producto\/jamon-de-cebo-de-campo-iberico-50-raza-iberica\/#webpage","url":"https:\/\/dehesacasablanca.com\/tienda\/producto\/jamon-de-cebo-de-campo-iberico-50-raza-iberica\/","name":"Jam\u00f3n de Cebo de Campo Ib\u00e9rico - 50% Raza Ib\u00e9rica - Dehesa Casablanca","isPartOf":{"@id":"https:\/\/dehesacasablanca.com\/tienda\/#website"},"primaryImageOfPage":{"@id":"https:\/\/dehesacasablanca.com\/tienda\/producto\/jamon-de-cebo-de-campo-iberico-50-raza-iberica\/#primaryimage"},"datePublished":"2020-10-15T17:17:24+00:00","dateModified":"2021-04-14T09:07:03+00:00","breadcrumb":{"@id":"https:\/\/dehesacasablanca.com\/tienda\/producto\/jamon-de-cebo-de-campo-iberico-50-raza-iberica\/#breadcrumb"},"inLanguage":"es","potentialAction":[{"@type":"ReadAction","target":["https:\/\/dehesacasablanca.com\/tienda\/producto\/jamon-de-cebo-de-campo-iberico-50-raza-iberica\/"]}]},{"@type":"BreadcrumbList","@id":"https:\/\/dehesacasablanca.com\/tienda\/producto\/jamon-de-cebo-de-campo-iberico-50-raza-iberica\/#breadcrumb","itemListElement":[{"@type":"ListItem","position":1,"name":"Home","item":"https:\/\/dehesacasablanca.com\/tienda\/"},{"@type":"ListItem","position":2,"name":"Productos","item":"https:\/\/dehesacasablanca.com\/tienda\/shop\/"},{"@type":"ListItem","position":3,"name":"Jam\u00f3n de Cebo de Campo Ib\u00e9rico &#8211; 50% Raza Ib\u00e9rica"}]}]}},"_links":{"self":[{"href":"https:\/\/dehesacasablanca.com\/tienda\/wp-json\/wp\/v2\/product\/2357"}],"collection":[{"href":"https:\/\/dehesacasablanca.com\/tienda\/wp-json\/wp\/v2\/product"}],"about":[{"href":"https:\/\/dehesacasablanca.com\/tienda\/wp-json\/wp\/v2\/types\/product"}],"replies":[{"embeddable":true,"href":"https:\/\/dehesacasablanca.com\/tienda\/wp-json\/wp\/v2\/comments?post=2357"}],"wp:featuredmedia":[{"embeddable":true,"href":"https:\/\/dehesacasablanca.com\/tienda\/wp-json\/wp\/v2\/media\/2661"}],"wp:attachment":[{"href":"https:\/\/dehesacasablanca.com\/tienda\/wp-json\/wp\/v2\/media?parent=2357"}],"wp:term":[{"taxonomy":"product_cat","embeddable":true,"href":"https:\/\/dehesacasablanca.com\/tienda\/wp-json\/wp\/v2\/product_cat?post=2357"},{"taxonomy":"product_tag","embeddable":true,"href":"https:\/\/dehesacasablanca.com\/tienda\/wp-json\/wp\/v2\/product_tag?post=2357"}],"curies":[{"name":"wp","href":"https:\/\/api.w.org\/{rel}","templated":true}]}}