{"id":2340,"date":"2020-10-15T19:03:43","date_gmt":"2020-10-15T17:03:43","guid":{"rendered":"https:\/\/dehesa.controlv.es\/?post_type=product&#038;p=2340"},"modified":"2021-02-19T11:10:39","modified_gmt":"2021-02-19T10:10:39","slug":"paleta-de-bellota-iberica-50-raza-iberica-2","status":"publish","type":"product","link":"https:\/\/dehesacasablanca.com\/tienda\/producto\/paleta-de-bellota-iberica-50-raza-iberica-2\/","title":{"rendered":"Paleta de Bellota Ib\u00e9rica &#8211; 50% Raza Ib\u00e9rica"},"content":{"rendered":"<p>Loncheado de Paleta de Bellota IB\u00c9RICO 50% Raza Ib\u00e9rica, <strong>cortado a m\u00e1quina en finas lonchas<\/strong> con separadores entre ellas, que facilitan la manipulaci\u00f3n y evitan que se adhieran entre ellas. Permitiendo as\u00ed, disponer de lonchas perfectas para ser servidas. Producto comercializado en <strong>envases al vac\u00edo<\/strong>.<\/p>\n<p><strong>PESO:<\/strong> Sobre de 100 gramos<\/p>\n<p><strong>Ingredientes:<\/strong> Paleta ib\u00e9rica de bellota, sal, conservadores (E250 y E252), lactosa y antioxidante (E331). El producto contiene lactosa.<\/p>\n<p><strong>Conservar en condiciones de refrigeraci\u00f3n: T\u00aa&lt;7\u00baC<\/strong><\/p>\n<p><strong>Se recomienda sacar del envase 5 minutos antes de su consumo para atemperar el producto.<\/strong><\/p>\n","protected":false},"excerpt":{"rendered":"<p>La Paleta ib\u00e9rica de bellota Dehesa Casablanca, con una curaci\u00f3n de 30 a 36 meses seg\u00fan su peso que oscilan de 5 a 6 kg, es una combinaci\u00f3n perfecta de sabor, aromas silvestres y propios de la Dehesa Salmantina en su correcto punto de sal. El cerdo est\u00e1 en libertad durante toda su vida, por lo que se ve reflejado en el sabor, ya que se alimenta de todo tipo de hierbas, y alimentos naturales que encuentra estando libre.<\/p>\n<p>El mimo que se le da al animal y al producto en su curaci\u00f3n aparece reflejado en ella tanto a nivel de un gran sabor, como de una gran textura, apta para satisfacer los paladares m\u00e1s exigentes.<\/p>\n<p><strong>Peso sobre:<\/strong> 100g<\/p>\n","protected":false},"featured_media":2659,"comment_status":"open","ping_status":"closed","template":"","meta":{"_et_pb_use_builder":"","_et_pb_old_content":"","_et_gb_content_width":""},"product_cat":[29],"product_tag":[],"yoast_head":"<!-- This site is optimized with the Yoast SEO plugin v17.6 - https:\/\/yoast.com\/wordpress\/plugins\/seo\/ -->\n<title>Paleta de Bellota Ib\u00e9rica - 50% Raza Ib\u00e9rica - Dehesa Casablanca<\/title>\n<meta name=\"robots\" content=\"index, follow, max-snippet:-1, max-image-preview:large, max-video-preview:-1\" \/>\n<link rel=\"canonical\" href=\"https:\/\/dehesacasablanca.com\/tienda\/producto\/paleta-de-bellota-iberica-50-raza-iberica-2\/\" \/>\n<meta property=\"og:locale\" content=\"es_ES\" \/>\n<meta property=\"og:type\" content=\"article\" \/>\n<meta property=\"og:title\" content=\"Paleta de Bellota Ib\u00e9rica - 50% Raza Ib\u00e9rica - Dehesa Casablanca\" \/>\n<meta property=\"og:description\" content=\"La Paleta ib\u00e9rica de bellota Dehesa Casablanca, con una curaci\u00f3n de 30 a 36 meses seg\u00fan su peso que oscilan de 5 a 6 kg, es una combinaci\u00f3n perfecta de sabor, aromas silvestres y propios de la Dehesa Salmantina en su correcto punto de sal. El cerdo est\u00e1 en libertad durante toda su vida, por lo que se ve reflejado en el sabor, ya que se alimenta de todo tipo de hierbas, y alimentos naturales que encuentra estando libre.  El mimo que se le da al animal y al producto en su curaci\u00f3n aparece reflejado en ella tanto a nivel de un gran sabor, como de una gran textura, apta para satisfacer los paladares m\u00e1s exigentes.  Peso sobre: 100g\" \/>\n<meta property=\"og:url\" content=\"https:\/\/dehesacasablanca.com\/tienda\/producto\/paleta-de-bellota-iberica-50-raza-iberica-2\/\" \/>\n<meta property=\"og:site_name\" content=\"Dehesa Casablanca\" \/>\n<meta property=\"article:modified_time\" content=\"2021-02-19T10:10:39+00:00\" \/>\n<meta property=\"og:image\" content=\"https:\/\/dehesacasablanca.com\/tienda\/wp-content\/uploads\/2020\/10\/Diseno-sin-titulo-8.png\" \/>\n\t<meta property=\"og:image:width\" content=\"1080\" \/>\n\t<meta property=\"og:image:height\" content=\"1080\" \/>\n<meta name=\"twitter:card\" content=\"summary_large_image\" \/>\n<script type=\"application\/ld+json\" class=\"yoast-schema-graph\">{\"@context\":\"https:\/\/schema.org\",\"@graph\":[{\"@type\":\"WebSite\",\"@id\":\"https:\/\/dehesacasablanca.com\/tienda\/#website\",\"url\":\"https:\/\/dehesacasablanca.com\/tienda\/\",\"name\":\"Dehesa Casablanca\",\"description\":\"Cr\\u00eda y cuidado del cerdo ib\\u00e9rico\",\"potentialAction\":[{\"@type\":\"SearchAction\",\"target\":{\"@type\":\"EntryPoint\",\"urlTemplate\":\"https:\/\/dehesacasablanca.com\/tienda\/?s={search_term_string}\"},\"query-input\":\"required name=search_term_string\"}],\"inLanguage\":\"es\"},{\"@type\":\"ImageObject\",\"@id\":\"https:\/\/dehesacasablanca.com\/tienda\/producto\/paleta-de-bellota-iberica-50-raza-iberica-2\/#primaryimage\",\"inLanguage\":\"es\",\"url\":\"https:\/\/dehesacasablanca.com\/tienda\/wp-content\/uploads\/2020\/10\/Diseno-sin-titulo-8.png\",\"contentUrl\":\"https:\/\/dehesacasablanca.com\/tienda\/wp-content\/uploads\/2020\/10\/Diseno-sin-titulo-8.png\",\"width\":1080,\"height\":1080},{\"@type\":\"WebPage\",\"@id\":\"https:\/\/dehesacasablanca.com\/tienda\/producto\/paleta-de-bellota-iberica-50-raza-iberica-2\/#webpage\",\"url\":\"https:\/\/dehesacasablanca.com\/tienda\/producto\/paleta-de-bellota-iberica-50-raza-iberica-2\/\",\"name\":\"Paleta de Bellota Ib\\u00e9rica - 50% Raza Ib\\u00e9rica - Dehesa Casablanca\",\"isPartOf\":{\"@id\":\"https:\/\/dehesacasablanca.com\/tienda\/#website\"},\"primaryImageOfPage\":{\"@id\":\"https:\/\/dehesacasablanca.com\/tienda\/producto\/paleta-de-bellota-iberica-50-raza-iberica-2\/#primaryimage\"},\"datePublished\":\"2020-10-15T17:03:43+00:00\",\"dateModified\":\"2021-02-19T10:10:39+00:00\",\"breadcrumb\":{\"@id\":\"https:\/\/dehesacasablanca.com\/tienda\/producto\/paleta-de-bellota-iberica-50-raza-iberica-2\/#breadcrumb\"},\"inLanguage\":\"es\",\"potentialAction\":[{\"@type\":\"ReadAction\",\"target\":[\"https:\/\/dehesacasablanca.com\/tienda\/producto\/paleta-de-bellota-iberica-50-raza-iberica-2\/\"]}]},{\"@type\":\"BreadcrumbList\",\"@id\":\"https:\/\/dehesacasablanca.com\/tienda\/producto\/paleta-de-bellota-iberica-50-raza-iberica-2\/#breadcrumb\",\"itemListElement\":[{\"@type\":\"ListItem\",\"position\":1,\"name\":\"Home\",\"item\":\"https:\/\/dehesacasablanca.com\/tienda\/\"},{\"@type\":\"ListItem\",\"position\":2,\"name\":\"Productos\",\"item\":\"https:\/\/dehesacasablanca.com\/tienda\/shop\/\"},{\"@type\":\"ListItem\",\"position\":3,\"name\":\"Paleta de Bellota Ib\\u00e9rica &#8211; 50% Raza Ib\\u00e9rica\"}]}]}<\/script>\n<!-- \/ Yoast SEO plugin. -->","yoast_head_json":{"title":"Paleta de Bellota Ib\u00e9rica - 50% Raza Ib\u00e9rica - Dehesa Casablanca","robots":{"index":"index","follow":"follow","max-snippet":"max-snippet:-1","max-image-preview":"max-image-preview:large","max-video-preview":"max-video-preview:-1"},"canonical":"https:\/\/dehesacasablanca.com\/tienda\/producto\/paleta-de-bellota-iberica-50-raza-iberica-2\/","og_locale":"es_ES","og_type":"article","og_title":"Paleta de Bellota Ib\u00e9rica - 50% Raza Ib\u00e9rica - Dehesa Casablanca","og_description":"La Paleta ib\u00e9rica de bellota Dehesa Casablanca, con una curaci\u00f3n de 30 a 36 meses seg\u00fan su peso que oscilan de 5 a 6 kg, es una combinaci\u00f3n perfecta de sabor, aromas silvestres y propios de la Dehesa Salmantina en su correcto punto de sal. El cerdo est\u00e1 en libertad durante toda su vida, por lo que se ve reflejado en el sabor, ya que se alimenta de todo tipo de hierbas, y alimentos naturales que encuentra estando libre.  El mimo que se le da al animal y al producto en su curaci\u00f3n aparece reflejado en ella tanto a nivel de un gran sabor, como de una gran textura, apta para satisfacer los paladares m\u00e1s exigentes.  Peso sobre: 100g","og_url":"https:\/\/dehesacasablanca.com\/tienda\/producto\/paleta-de-bellota-iberica-50-raza-iberica-2\/","og_site_name":"Dehesa Casablanca","article_modified_time":"2021-02-19T10:10:39+00:00","og_image":[{"width":1080,"height":1080,"url":"https:\/\/dehesacasablanca.com\/tienda\/wp-content\/uploads\/2020\/10\/Diseno-sin-titulo-8.png","type":"image\/png"}],"twitter_card":"summary_large_image","schema":{"@context":"https:\/\/schema.org","@graph":[{"@type":"WebSite","@id":"https:\/\/dehesacasablanca.com\/tienda\/#website","url":"https:\/\/dehesacasablanca.com\/tienda\/","name":"Dehesa Casablanca","description":"Cr\u00eda y cuidado del cerdo ib\u00e9rico","potentialAction":[{"@type":"SearchAction","target":{"@type":"EntryPoint","urlTemplate":"https:\/\/dehesacasablanca.com\/tienda\/?s={search_term_string}"},"query-input":"required name=search_term_string"}],"inLanguage":"es"},{"@type":"ImageObject","@id":"https:\/\/dehesacasablanca.com\/tienda\/producto\/paleta-de-bellota-iberica-50-raza-iberica-2\/#primaryimage","inLanguage":"es","url":"https:\/\/dehesacasablanca.com\/tienda\/wp-content\/uploads\/2020\/10\/Diseno-sin-titulo-8.png","contentUrl":"https:\/\/dehesacasablanca.com\/tienda\/wp-content\/uploads\/2020\/10\/Diseno-sin-titulo-8.png","width":1080,"height":1080},{"@type":"WebPage","@id":"https:\/\/dehesacasablanca.com\/tienda\/producto\/paleta-de-bellota-iberica-50-raza-iberica-2\/#webpage","url":"https:\/\/dehesacasablanca.com\/tienda\/producto\/paleta-de-bellota-iberica-50-raza-iberica-2\/","name":"Paleta de Bellota Ib\u00e9rica - 50% Raza Ib\u00e9rica - Dehesa Casablanca","isPartOf":{"@id":"https:\/\/dehesacasablanca.com\/tienda\/#website"},"primaryImageOfPage":{"@id":"https:\/\/dehesacasablanca.com\/tienda\/producto\/paleta-de-bellota-iberica-50-raza-iberica-2\/#primaryimage"},"datePublished":"2020-10-15T17:03:43+00:00","dateModified":"2021-02-19T10:10:39+00:00","breadcrumb":{"@id":"https:\/\/dehesacasablanca.com\/tienda\/producto\/paleta-de-bellota-iberica-50-raza-iberica-2\/#breadcrumb"},"inLanguage":"es","potentialAction":[{"@type":"ReadAction","target":["https:\/\/dehesacasablanca.com\/tienda\/producto\/paleta-de-bellota-iberica-50-raza-iberica-2\/"]}]},{"@type":"BreadcrumbList","@id":"https:\/\/dehesacasablanca.com\/tienda\/producto\/paleta-de-bellota-iberica-50-raza-iberica-2\/#breadcrumb","itemListElement":[{"@type":"ListItem","position":1,"name":"Home","item":"https:\/\/dehesacasablanca.com\/tienda\/"},{"@type":"ListItem","position":2,"name":"Productos","item":"https:\/\/dehesacasablanca.com\/tienda\/shop\/"},{"@type":"ListItem","position":3,"name":"Paleta de Bellota Ib\u00e9rica &#8211; 50% Raza Ib\u00e9rica"}]}]}},"_links":{"self":[{"href":"https:\/\/dehesacasablanca.com\/tienda\/wp-json\/wp\/v2\/product\/2340"}],"collection":[{"href":"https:\/\/dehesacasablanca.com\/tienda\/wp-json\/wp\/v2\/product"}],"about":[{"href":"https:\/\/dehesacasablanca.com\/tienda\/wp-json\/wp\/v2\/types\/product"}],"replies":[{"embeddable":true,"href":"https:\/\/dehesacasablanca.com\/tienda\/wp-json\/wp\/v2\/comments?post=2340"}],"wp:featuredmedia":[{"embeddable":true,"href":"https:\/\/dehesacasablanca.com\/tienda\/wp-json\/wp\/v2\/media\/2659"}],"wp:attachment":[{"href":"https:\/\/dehesacasablanca.com\/tienda\/wp-json\/wp\/v2\/media?parent=2340"}],"wp:term":[{"taxonomy":"product_cat","embeddable":true,"href":"https:\/\/dehesacasablanca.com\/tienda\/wp-json\/wp\/v2\/product_cat?post=2340"},{"taxonomy":"product_tag","embeddable":true,"href":"https:\/\/dehesacasablanca.com\/tienda\/wp-json\/wp\/v2\/product_tag?post=2340"}],"curies":[{"name":"wp","href":"https:\/\/api.w.org\/{rel}","templated":true}]}}