{"id":2339,"date":"2020-10-15T19:02:47","date_gmt":"2020-10-15T17:02:47","guid":{"rendered":"https:\/\/dehesa.controlv.es\/?post_type=product&#038;p=2339"},"modified":"2021-05-10T10:43:20","modified_gmt":"2021-05-10T08:43:20","slug":"jamon-de-bellota-iberico-50-raza-iberica-a-cuchillo","status":"publish","type":"product","link":"https:\/\/dehesacasablanca.com\/tienda\/producto\/jamon-de-bellota-iberico-50-raza-iberica-a-cuchillo\/","title":{"rendered":"Jam\u00f3n de Bellota Ib\u00e9rico &#8211; 50% Raza Ib\u00e9rica a Cuchillo"},"content":{"rendered":"<p><strong>Loncheado a Mano<\/strong> de Jam\u00f3n de Bellota IB\u00c9RICO 50% Raza Ib\u00e9rica. Jam\u00f3n selecto cortado a mano por nuestros Maestros Cortadores, su disposici\u00f3n en el envase permite un c\u00f3modo uso, pudiendo servirlo directamente en el plato para ser consumido de inmediato. Posee una l\u00e1mina separadora entre las capas de jam\u00f3n que favorece su manipulaci\u00f3n y evitan que estas se adhieran entre ellas y mantengan una presencia elegante para servirse. Producto comercializado en<strong> envases al vac\u00edo<\/strong>.<\/p>\n<p><strong>PESO:<\/strong> Sobre de 100 gramos<\/p>\n<p><strong>Ingredientes:<\/strong> Jam\u00f3n Ib\u00e9rico de bellota, sal, conservadores (E250 y E252), lactosa y antioxidante (E331). El producto contiene lactosa.<\/p>\n<p><strong>Conservar en lugar fresco, seco y a temperatura ambiente.<\/strong><\/p>\n","protected":false},"excerpt":{"rendered":"<p>El Jam\u00f3n bellota 50 % Raza Ib\u00e9rica de Dehesa Casablanca, es la conjunci\u00f3n de un sentimiento, de un querer buscar la excelencia en el proceso de elaboraci\u00f3n y curaci\u00f3n.<\/p>\n<p>La calidad comienza desde el momento del nacimiento del animal, la pureza de su raza, su alimentaci\u00f3n en las diferentes fases de crecimiento y lo m\u00e1s importante, la alimentaci\u00f3n a base de bellota en la Montanera.<\/p>\n<p>El jam\u00f3n ib\u00e9rico de bellota 50 % Raz ib\u00e9rica con una curaci\u00f3n de 48 a 50 meses y un proceso lento, artesanal\u00a0 y acorde a la meteorolog\u00eda del clima castellano, le otorga un sabor inconfundible y dulce propio de la dehesa salmantina.<\/p>\n<p><strong>Peso sobre:<\/strong> 100g<\/p>\n<p><strong>Loncheado a mano<\/strong><\/p>\n","protected":false},"featured_media":2693,"comment_status":"open","ping_status":"closed","template":"","meta":{"_et_pb_use_builder":"","_et_pb_old_content":"","_et_gb_content_width":""},"product_cat":[29],"product_tag":[],"yoast_head":"<!-- This site is optimized with the Yoast SEO plugin v17.6 - https:\/\/yoast.com\/wordpress\/plugins\/seo\/ -->\n<title>Jam\u00f3n de Bellota Ib\u00e9rico - 50% Raza Ib\u00e9rica a Cuchillo - Dehesa Casablanca<\/title>\n<meta name=\"robots\" content=\"index, follow, max-snippet:-1, max-image-preview:large, max-video-preview:-1\" \/>\n<link rel=\"canonical\" href=\"https:\/\/dehesacasablanca.com\/tienda\/producto\/jamon-de-bellota-iberico-50-raza-iberica-a-cuchillo\/\" \/>\n<meta property=\"og:locale\" content=\"es_ES\" \/>\n<meta property=\"og:type\" content=\"article\" \/>\n<meta property=\"og:title\" content=\"Jam\u00f3n de Bellota Ib\u00e9rico - 50% Raza Ib\u00e9rica a Cuchillo - Dehesa Casablanca\" \/>\n<meta property=\"og:description\" content=\"El Jam\u00f3n bellota 50 % Raza Ib\u00e9rica de Dehesa Casablanca, es la conjunci\u00f3n de un sentimiento, de un querer buscar la excelencia en el proceso de elaboraci\u00f3n y curaci\u00f3n.  La calidad comienza desde el momento del nacimiento del animal, la pureza de su raza, su alimentaci\u00f3n en las diferentes fases de crecimiento y lo m\u00e1s importante, la alimentaci\u00f3n a base de bellota en la Montanera.  El jam\u00f3n ib\u00e9rico de bellota 50 % Raz ib\u00e9rica con una curaci\u00f3n de 48 a 50 meses y un proceso lento, artesanal\u00a0 y acorde a la meteorolog\u00eda del clima castellano, le otorga un sabor inconfundible y dulce propio de la dehesa salmantina.  Peso sobre: 100g  Loncheado a mano\" \/>\n<meta property=\"og:url\" content=\"https:\/\/dehesacasablanca.com\/tienda\/producto\/jamon-de-bellota-iberico-50-raza-iberica-a-cuchillo\/\" \/>\n<meta property=\"og:site_name\" content=\"Dehesa Casablanca\" \/>\n<meta property=\"article:modified_time\" content=\"2021-05-10T08:43:20+00:00\" \/>\n<meta property=\"og:image\" content=\"https:\/\/dehesacasablanca.com\/tienda\/wp-content\/uploads\/2020\/10\/Diseno-sin-titulo-31.png\" \/>\n\t<meta property=\"og:image:width\" content=\"1080\" \/>\n\t<meta property=\"og:image:height\" content=\"1080\" \/>\n<meta name=\"twitter:card\" content=\"summary_large_image\" \/>\n<meta name=\"twitter:label1\" content=\"Tiempo de lectura\" \/>\n\t<meta name=\"twitter:data1\" content=\"1 minuto\" \/>\n<script type=\"application\/ld+json\" class=\"yoast-schema-graph\">{\"@context\":\"https:\/\/schema.org\",\"@graph\":[{\"@type\":\"WebSite\",\"@id\":\"https:\/\/dehesacasablanca.com\/tienda\/#website\",\"url\":\"https:\/\/dehesacasablanca.com\/tienda\/\",\"name\":\"Dehesa Casablanca\",\"description\":\"Cr\\u00eda y cuidado del cerdo ib\\u00e9rico\",\"potentialAction\":[{\"@type\":\"SearchAction\",\"target\":{\"@type\":\"EntryPoint\",\"urlTemplate\":\"https:\/\/dehesacasablanca.com\/tienda\/?s={search_term_string}\"},\"query-input\":\"required name=search_term_string\"}],\"inLanguage\":\"es\"},{\"@type\":\"ImageObject\",\"@id\":\"https:\/\/dehesacasablanca.com\/tienda\/producto\/jamon-de-bellota-iberico-50-raza-iberica-a-cuchillo\/#primaryimage\",\"inLanguage\":\"es\",\"url\":\"https:\/\/dehesacasablanca.com\/tienda\/wp-content\/uploads\/2020\/10\/Diseno-sin-titulo-31.png\",\"contentUrl\":\"https:\/\/dehesacasablanca.com\/tienda\/wp-content\/uploads\/2020\/10\/Diseno-sin-titulo-31.png\",\"width\":1080,\"height\":1080},{\"@type\":\"WebPage\",\"@id\":\"https:\/\/dehesacasablanca.com\/tienda\/producto\/jamon-de-bellota-iberico-50-raza-iberica-a-cuchillo\/#webpage\",\"url\":\"https:\/\/dehesacasablanca.com\/tienda\/producto\/jamon-de-bellota-iberico-50-raza-iberica-a-cuchillo\/\",\"name\":\"Jam\\u00f3n de Bellota Ib\\u00e9rico - 50% Raza Ib\\u00e9rica a Cuchillo - Dehesa Casablanca\",\"isPartOf\":{\"@id\":\"https:\/\/dehesacasablanca.com\/tienda\/#website\"},\"primaryImageOfPage\":{\"@id\":\"https:\/\/dehesacasablanca.com\/tienda\/producto\/jamon-de-bellota-iberico-50-raza-iberica-a-cuchillo\/#primaryimage\"},\"datePublished\":\"2020-10-15T17:02:47+00:00\",\"dateModified\":\"2021-05-10T08:43:20+00:00\",\"breadcrumb\":{\"@id\":\"https:\/\/dehesacasablanca.com\/tienda\/producto\/jamon-de-bellota-iberico-50-raza-iberica-a-cuchillo\/#breadcrumb\"},\"inLanguage\":\"es\",\"potentialAction\":[{\"@type\":\"ReadAction\",\"target\":[\"https:\/\/dehesacasablanca.com\/tienda\/producto\/jamon-de-bellota-iberico-50-raza-iberica-a-cuchillo\/\"]}]},{\"@type\":\"BreadcrumbList\",\"@id\":\"https:\/\/dehesacasablanca.com\/tienda\/producto\/jamon-de-bellota-iberico-50-raza-iberica-a-cuchillo\/#breadcrumb\",\"itemListElement\":[{\"@type\":\"ListItem\",\"position\":1,\"name\":\"Home\",\"item\":\"https:\/\/dehesacasablanca.com\/tienda\/\"},{\"@type\":\"ListItem\",\"position\":2,\"name\":\"Productos\",\"item\":\"https:\/\/dehesacasablanca.com\/tienda\/shop\/\"},{\"@type\":\"ListItem\",\"position\":3,\"name\":\"Jam\\u00f3n de Bellota Ib\\u00e9rico &#8211; 50% Raza Ib\\u00e9rica a Cuchillo\"}]}]}<\/script>\n<!-- \/ Yoast SEO plugin. -->","yoast_head_json":{"title":"Jam\u00f3n de Bellota Ib\u00e9rico - 50% Raza Ib\u00e9rica a Cuchillo - Dehesa Casablanca","robots":{"index":"index","follow":"follow","max-snippet":"max-snippet:-1","max-image-preview":"max-image-preview:large","max-video-preview":"max-video-preview:-1"},"canonical":"https:\/\/dehesacasablanca.com\/tienda\/producto\/jamon-de-bellota-iberico-50-raza-iberica-a-cuchillo\/","og_locale":"es_ES","og_type":"article","og_title":"Jam\u00f3n de Bellota Ib\u00e9rico - 50% Raza Ib\u00e9rica a Cuchillo - Dehesa Casablanca","og_description":"El Jam\u00f3n bellota 50 % Raza Ib\u00e9rica de Dehesa Casablanca, es la conjunci\u00f3n de un sentimiento, de un querer buscar la excelencia en el proceso de elaboraci\u00f3n y curaci\u00f3n.  La calidad comienza desde el momento del nacimiento del animal, la pureza de su raza, su alimentaci\u00f3n en las diferentes fases de crecimiento y lo m\u00e1s importante, la alimentaci\u00f3n a base de bellota en la Montanera.  El jam\u00f3n ib\u00e9rico de bellota 50 % Raz ib\u00e9rica con una curaci\u00f3n de 48 a 50 meses y un proceso lento, artesanal\u00a0 y acorde a la meteorolog\u00eda del clima castellano, le otorga un sabor inconfundible y dulce propio de la dehesa salmantina.  Peso sobre: 100g  Loncheado a mano","og_url":"https:\/\/dehesacasablanca.com\/tienda\/producto\/jamon-de-bellota-iberico-50-raza-iberica-a-cuchillo\/","og_site_name":"Dehesa Casablanca","article_modified_time":"2021-05-10T08:43:20+00:00","og_image":[{"width":1080,"height":1080,"url":"https:\/\/dehesacasablanca.com\/tienda\/wp-content\/uploads\/2020\/10\/Diseno-sin-titulo-31.png","type":"image\/png"}],"twitter_card":"summary_large_image","twitter_misc":{"Tiempo de lectura":"1 minuto"},"schema":{"@context":"https:\/\/schema.org","@graph":[{"@type":"WebSite","@id":"https:\/\/dehesacasablanca.com\/tienda\/#website","url":"https:\/\/dehesacasablanca.com\/tienda\/","name":"Dehesa Casablanca","description":"Cr\u00eda y cuidado del cerdo ib\u00e9rico","potentialAction":[{"@type":"SearchAction","target":{"@type":"EntryPoint","urlTemplate":"https:\/\/dehesacasablanca.com\/tienda\/?s={search_term_string}"},"query-input":"required name=search_term_string"}],"inLanguage":"es"},{"@type":"ImageObject","@id":"https:\/\/dehesacasablanca.com\/tienda\/producto\/jamon-de-bellota-iberico-50-raza-iberica-a-cuchillo\/#primaryimage","inLanguage":"es","url":"https:\/\/dehesacasablanca.com\/tienda\/wp-content\/uploads\/2020\/10\/Diseno-sin-titulo-31.png","contentUrl":"https:\/\/dehesacasablanca.com\/tienda\/wp-content\/uploads\/2020\/10\/Diseno-sin-titulo-31.png","width":1080,"height":1080},{"@type":"WebPage","@id":"https:\/\/dehesacasablanca.com\/tienda\/producto\/jamon-de-bellota-iberico-50-raza-iberica-a-cuchillo\/#webpage","url":"https:\/\/dehesacasablanca.com\/tienda\/producto\/jamon-de-bellota-iberico-50-raza-iberica-a-cuchillo\/","name":"Jam\u00f3n de Bellota Ib\u00e9rico - 50% Raza Ib\u00e9rica a Cuchillo - Dehesa Casablanca","isPartOf":{"@id":"https:\/\/dehesacasablanca.com\/tienda\/#website"},"primaryImageOfPage":{"@id":"https:\/\/dehesacasablanca.com\/tienda\/producto\/jamon-de-bellota-iberico-50-raza-iberica-a-cuchillo\/#primaryimage"},"datePublished":"2020-10-15T17:02:47+00:00","dateModified":"2021-05-10T08:43:20+00:00","breadcrumb":{"@id":"https:\/\/dehesacasablanca.com\/tienda\/producto\/jamon-de-bellota-iberico-50-raza-iberica-a-cuchillo\/#breadcrumb"},"inLanguage":"es","potentialAction":[{"@type":"ReadAction","target":["https:\/\/dehesacasablanca.com\/tienda\/producto\/jamon-de-bellota-iberico-50-raza-iberica-a-cuchillo\/"]}]},{"@type":"BreadcrumbList","@id":"https:\/\/dehesacasablanca.com\/tienda\/producto\/jamon-de-bellota-iberico-50-raza-iberica-a-cuchillo\/#breadcrumb","itemListElement":[{"@type":"ListItem","position":1,"name":"Home","item":"https:\/\/dehesacasablanca.com\/tienda\/"},{"@type":"ListItem","position":2,"name":"Productos","item":"https:\/\/dehesacasablanca.com\/tienda\/shop\/"},{"@type":"ListItem","position":3,"name":"Jam\u00f3n de Bellota Ib\u00e9rico &#8211; 50% Raza Ib\u00e9rica a Cuchillo"}]}]}},"_links":{"self":[{"href":"https:\/\/dehesacasablanca.com\/tienda\/wp-json\/wp\/v2\/product\/2339"}],"collection":[{"href":"https:\/\/dehesacasablanca.com\/tienda\/wp-json\/wp\/v2\/product"}],"about":[{"href":"https:\/\/dehesacasablanca.com\/tienda\/wp-json\/wp\/v2\/types\/product"}],"replies":[{"embeddable":true,"href":"https:\/\/dehesacasablanca.com\/tienda\/wp-json\/wp\/v2\/comments?post=2339"}],"wp:featuredmedia":[{"embeddable":true,"href":"https:\/\/dehesacasablanca.com\/tienda\/wp-json\/wp\/v2\/media\/2693"}],"wp:attachment":[{"href":"https:\/\/dehesacasablanca.com\/tienda\/wp-json\/wp\/v2\/media?parent=2339"}],"wp:term":[{"taxonomy":"product_cat","embeddable":true,"href":"https:\/\/dehesacasablanca.com\/tienda\/wp-json\/wp\/v2\/product_cat?post=2339"},{"taxonomy":"product_tag","embeddable":true,"href":"https:\/\/dehesacasablanca.com\/tienda\/wp-json\/wp\/v2\/product_tag?post=2339"}],"curies":[{"name":"wp","href":"https:\/\/api.w.org\/{rel}","templated":true}]}}