{"id":2337,"date":"2020-10-15T18:54:35","date_gmt":"2020-10-15T16:54:35","guid":{"rendered":"https:\/\/dehesa.controlv.es\/?post_type=product&#038;p=2337"},"modified":"2021-06-02T10:57:05","modified_gmt":"2021-06-02T08:57:05","slug":"lomo-de-bellota-iberico-50-raza-iberica-2","status":"publish","type":"product","link":"https:\/\/dehesacasablanca.com\/tienda\/producto\/lomo-de-bellota-iberico-50-raza-iberica-2\/","title":{"rendered":"Lomo de Bellota Ib\u00e9rico &#8211; 50% Raza Ib\u00e9rica"},"content":{"rendered":"<p>Loncheado de Ca\u00f1a De Lomo De Bellota IB\u00c9RICO 50% Raza Ib\u00e9rica<strong> loncheado a m\u00e1quina y envasada al vac\u00edo<\/strong>.<\/p>\n<p><strong>PESO:<\/strong> Sobre de 100 gramos.<\/p>\n<p><strong>Ingredientes:<\/strong> Ca\u00f1a de lomo de cerdo ib\u00e9rico bellota, sal, piment\u00f3n, az\u00facar, especias naturales, dextrosa, conservadores (E250 y E252), antioxidante (E301). Sin gluten. No contiene lactosa. No contiene al\u00e9rgenos.<\/p>\n<p><strong>Conservar en lugar fresco, seco y a temperatura ambiente.<\/strong><\/p>\n","protected":false},"excerpt":{"rendered":"<p>La ca\u00f1a de lomo ib\u00e9rico de bellota Dehesa Casablanca, est\u00e1 hecha del lomo ib\u00e9rico de bellota de nuestros animales criados en libertad. La pureza, textura y una producci\u00f3n artesanal en toda su elaboraci\u00f3n, as\u00ed como su curaci\u00f3n en secaderos naturales durante 5 meses, hace que su sabor sea inconfundible. Con pesos comprendidos entre el kilo y un kilo cuatrocientos cuando lo saboreas puedes apreciar una conjugaci\u00f3n perfecta entre jugosidad y sabor.<\/p>\n<p><strong>Peso sobre:<\/strong> 100g<\/p>\n","protected":false},"featured_media":2412,"comment_status":"open","ping_status":"closed","template":"","meta":{"_et_pb_use_builder":"","_et_pb_old_content":"","_et_gb_content_width":""},"product_cat":[29],"product_tag":[],"yoast_head":"<!-- This site is optimized with the Yoast SEO plugin v17.6 - https:\/\/yoast.com\/wordpress\/plugins\/seo\/ -->\n<title>Lomo de Bellota Ib\u00e9rico - 50% Raza Ib\u00e9rica - Dehesa Casablanca<\/title>\n<meta name=\"robots\" content=\"index, follow, max-snippet:-1, max-image-preview:large, max-video-preview:-1\" \/>\n<link rel=\"canonical\" href=\"https:\/\/dehesacasablanca.com\/tienda\/producto\/lomo-de-bellota-iberico-50-raza-iberica-2\/\" \/>\n<meta property=\"og:locale\" content=\"es_ES\" \/>\n<meta property=\"og:type\" content=\"article\" \/>\n<meta property=\"og:title\" content=\"Lomo de Bellota Ib\u00e9rico - 50% Raza Ib\u00e9rica - Dehesa Casablanca\" \/>\n<meta property=\"og:description\" content=\"La ca\u00f1a de lomo ib\u00e9rico de bellota Dehesa Casablanca, est\u00e1 hecha del lomo ib\u00e9rico de bellota de nuestros animales criados en libertad. La pureza, textura y una producci\u00f3n artesanal en toda su elaboraci\u00f3n, as\u00ed como su curaci\u00f3n en secaderos naturales durante 5 meses, hace que su sabor sea inconfundible. Con pesos comprendidos entre el kilo y un kilo cuatrocientos cuando lo saboreas puedes apreciar una conjugaci\u00f3n perfecta entre jugosidad y sabor.  Peso sobre: 100g\" \/>\n<meta property=\"og:url\" content=\"https:\/\/dehesacasablanca.com\/tienda\/producto\/lomo-de-bellota-iberico-50-raza-iberica-2\/\" \/>\n<meta property=\"og:site_name\" content=\"Dehesa Casablanca\" \/>\n<meta property=\"article:modified_time\" content=\"2021-06-02T08:57:05+00:00\" \/>\n<meta property=\"og:image\" content=\"https:\/\/dehesacasablanca.com\/tienda\/wp-content\/uploads\/2020\/10\/lomo-bellota-loncheado-dehesa-casablanca.jpg\" \/>\n\t<meta property=\"og:image:width\" content=\"1600\" \/>\n\t<meta property=\"og:image:height\" content=\"1829\" \/>\n<meta name=\"twitter:card\" content=\"summary_large_image\" \/>\n<script type=\"application\/ld+json\" class=\"yoast-schema-graph\">{\"@context\":\"https:\/\/schema.org\",\"@graph\":[{\"@type\":\"WebSite\",\"@id\":\"https:\/\/dehesacasablanca.com\/tienda\/#website\",\"url\":\"https:\/\/dehesacasablanca.com\/tienda\/\",\"name\":\"Dehesa Casablanca\",\"description\":\"Cr\\u00eda y cuidado del cerdo ib\\u00e9rico\",\"potentialAction\":[{\"@type\":\"SearchAction\",\"target\":{\"@type\":\"EntryPoint\",\"urlTemplate\":\"https:\/\/dehesacasablanca.com\/tienda\/?s={search_term_string}\"},\"query-input\":\"required name=search_term_string\"}],\"inLanguage\":\"es\"},{\"@type\":\"ImageObject\",\"@id\":\"https:\/\/dehesacasablanca.com\/tienda\/producto\/lomo-de-bellota-iberico-50-raza-iberica-2\/#primaryimage\",\"inLanguage\":\"es\",\"url\":\"https:\/\/dehesacasablanca.com\/tienda\/wp-content\/uploads\/2020\/10\/lomo-bellota-loncheado-dehesa-casablanca.jpg\",\"contentUrl\":\"https:\/\/dehesacasablanca.com\/tienda\/wp-content\/uploads\/2020\/10\/lomo-bellota-loncheado-dehesa-casablanca.jpg\",\"width\":1600,\"height\":1829,\"caption\":\"Lomo bellota loncheado\"},{\"@type\":\"WebPage\",\"@id\":\"https:\/\/dehesacasablanca.com\/tienda\/producto\/lomo-de-bellota-iberico-50-raza-iberica-2\/#webpage\",\"url\":\"https:\/\/dehesacasablanca.com\/tienda\/producto\/lomo-de-bellota-iberico-50-raza-iberica-2\/\",\"name\":\"Lomo de Bellota Ib\\u00e9rico - 50% Raza Ib\\u00e9rica - Dehesa Casablanca\",\"isPartOf\":{\"@id\":\"https:\/\/dehesacasablanca.com\/tienda\/#website\"},\"primaryImageOfPage\":{\"@id\":\"https:\/\/dehesacasablanca.com\/tienda\/producto\/lomo-de-bellota-iberico-50-raza-iberica-2\/#primaryimage\"},\"datePublished\":\"2020-10-15T16:54:35+00:00\",\"dateModified\":\"2021-06-02T08:57:05+00:00\",\"breadcrumb\":{\"@id\":\"https:\/\/dehesacasablanca.com\/tienda\/producto\/lomo-de-bellota-iberico-50-raza-iberica-2\/#breadcrumb\"},\"inLanguage\":\"es\",\"potentialAction\":[{\"@type\":\"ReadAction\",\"target\":[\"https:\/\/dehesacasablanca.com\/tienda\/producto\/lomo-de-bellota-iberico-50-raza-iberica-2\/\"]}]},{\"@type\":\"BreadcrumbList\",\"@id\":\"https:\/\/dehesacasablanca.com\/tienda\/producto\/lomo-de-bellota-iberico-50-raza-iberica-2\/#breadcrumb\",\"itemListElement\":[{\"@type\":\"ListItem\",\"position\":1,\"name\":\"Home\",\"item\":\"https:\/\/dehesacasablanca.com\/tienda\/\"},{\"@type\":\"ListItem\",\"position\":2,\"name\":\"Productos\",\"item\":\"https:\/\/dehesacasablanca.com\/tienda\/shop\/\"},{\"@type\":\"ListItem\",\"position\":3,\"name\":\"Lomo de Bellota Ib\\u00e9rico &#8211; 50% Raza Ib\\u00e9rica\"}]}]}<\/script>\n<!-- \/ Yoast SEO plugin. -->","yoast_head_json":{"title":"Lomo de Bellota Ib\u00e9rico - 50% Raza Ib\u00e9rica - Dehesa Casablanca","robots":{"index":"index","follow":"follow","max-snippet":"max-snippet:-1","max-image-preview":"max-image-preview:large","max-video-preview":"max-video-preview:-1"},"canonical":"https:\/\/dehesacasablanca.com\/tienda\/producto\/lomo-de-bellota-iberico-50-raza-iberica-2\/","og_locale":"es_ES","og_type":"article","og_title":"Lomo de Bellota Ib\u00e9rico - 50% Raza Ib\u00e9rica - Dehesa Casablanca","og_description":"La ca\u00f1a de lomo ib\u00e9rico de bellota Dehesa Casablanca, est\u00e1 hecha del lomo ib\u00e9rico de bellota de nuestros animales criados en libertad. La pureza, textura y una producci\u00f3n artesanal en toda su elaboraci\u00f3n, as\u00ed como su curaci\u00f3n en secaderos naturales durante 5 meses, hace que su sabor sea inconfundible. Con pesos comprendidos entre el kilo y un kilo cuatrocientos cuando lo saboreas puedes apreciar una conjugaci\u00f3n perfecta entre jugosidad y sabor.  Peso sobre: 100g","og_url":"https:\/\/dehesacasablanca.com\/tienda\/producto\/lomo-de-bellota-iberico-50-raza-iberica-2\/","og_site_name":"Dehesa Casablanca","article_modified_time":"2021-06-02T08:57:05+00:00","og_image":[{"width":1600,"height":1829,"url":"https:\/\/dehesacasablanca.com\/tienda\/wp-content\/uploads\/2020\/10\/lomo-bellota-loncheado-dehesa-casablanca.jpg","type":"image\/jpeg"}],"twitter_card":"summary_large_image","schema":{"@context":"https:\/\/schema.org","@graph":[{"@type":"WebSite","@id":"https:\/\/dehesacasablanca.com\/tienda\/#website","url":"https:\/\/dehesacasablanca.com\/tienda\/","name":"Dehesa Casablanca","description":"Cr\u00eda y cuidado del cerdo ib\u00e9rico","potentialAction":[{"@type":"SearchAction","target":{"@type":"EntryPoint","urlTemplate":"https:\/\/dehesacasablanca.com\/tienda\/?s={search_term_string}"},"query-input":"required name=search_term_string"}],"inLanguage":"es"},{"@type":"ImageObject","@id":"https:\/\/dehesacasablanca.com\/tienda\/producto\/lomo-de-bellota-iberico-50-raza-iberica-2\/#primaryimage","inLanguage":"es","url":"https:\/\/dehesacasablanca.com\/tienda\/wp-content\/uploads\/2020\/10\/lomo-bellota-loncheado-dehesa-casablanca.jpg","contentUrl":"https:\/\/dehesacasablanca.com\/tienda\/wp-content\/uploads\/2020\/10\/lomo-bellota-loncheado-dehesa-casablanca.jpg","width":1600,"height":1829,"caption":"Lomo bellota loncheado"},{"@type":"WebPage","@id":"https:\/\/dehesacasablanca.com\/tienda\/producto\/lomo-de-bellota-iberico-50-raza-iberica-2\/#webpage","url":"https:\/\/dehesacasablanca.com\/tienda\/producto\/lomo-de-bellota-iberico-50-raza-iberica-2\/","name":"Lomo de Bellota Ib\u00e9rico - 50% Raza Ib\u00e9rica - Dehesa Casablanca","isPartOf":{"@id":"https:\/\/dehesacasablanca.com\/tienda\/#website"},"primaryImageOfPage":{"@id":"https:\/\/dehesacasablanca.com\/tienda\/producto\/lomo-de-bellota-iberico-50-raza-iberica-2\/#primaryimage"},"datePublished":"2020-10-15T16:54:35+00:00","dateModified":"2021-06-02T08:57:05+00:00","breadcrumb":{"@id":"https:\/\/dehesacasablanca.com\/tienda\/producto\/lomo-de-bellota-iberico-50-raza-iberica-2\/#breadcrumb"},"inLanguage":"es","potentialAction":[{"@type":"ReadAction","target":["https:\/\/dehesacasablanca.com\/tienda\/producto\/lomo-de-bellota-iberico-50-raza-iberica-2\/"]}]},{"@type":"BreadcrumbList","@id":"https:\/\/dehesacasablanca.com\/tienda\/producto\/lomo-de-bellota-iberico-50-raza-iberica-2\/#breadcrumb","itemListElement":[{"@type":"ListItem","position":1,"name":"Home","item":"https:\/\/dehesacasablanca.com\/tienda\/"},{"@type":"ListItem","position":2,"name":"Productos","item":"https:\/\/dehesacasablanca.com\/tienda\/shop\/"},{"@type":"ListItem","position":3,"name":"Lomo de Bellota Ib\u00e9rico &#8211; 50% Raza Ib\u00e9rica"}]}]}},"_links":{"self":[{"href":"https:\/\/dehesacasablanca.com\/tienda\/wp-json\/wp\/v2\/product\/2337"}],"collection":[{"href":"https:\/\/dehesacasablanca.com\/tienda\/wp-json\/wp\/v2\/product"}],"about":[{"href":"https:\/\/dehesacasablanca.com\/tienda\/wp-json\/wp\/v2\/types\/product"}],"replies":[{"embeddable":true,"href":"https:\/\/dehesacasablanca.com\/tienda\/wp-json\/wp\/v2\/comments?post=2337"}],"wp:featuredmedia":[{"embeddable":true,"href":"https:\/\/dehesacasablanca.com\/tienda\/wp-json\/wp\/v2\/media\/2412"}],"wp:attachment":[{"href":"https:\/\/dehesacasablanca.com\/tienda\/wp-json\/wp\/v2\/media?parent=2337"}],"wp:term":[{"taxonomy":"product_cat","embeddable":true,"href":"https:\/\/dehesacasablanca.com\/tienda\/wp-json\/wp\/v2\/product_cat?post=2337"},{"taxonomy":"product_tag","embeddable":true,"href":"https:\/\/dehesacasablanca.com\/tienda\/wp-json\/wp\/v2\/product_tag?post=2337"}],"curies":[{"name":"wp","href":"https:\/\/api.w.org\/{rel}","templated":true}]}}