{"id":2336,"date":"2020-10-15T18:38:09","date_gmt":"2020-10-15T16:38:09","guid":{"rendered":"https:\/\/dehesa.controlv.es\/?post_type=product&#038;p=2336"},"modified":"2020-10-17T10:29:36","modified_gmt":"2020-10-17T08:29:36","slug":"salchichon-de-bellota-iberico","status":"publish","type":"product","link":"https:\/\/dehesacasablanca.com\/tienda\/producto\/salchichon-de-bellota-iberico\/","title":{"rendered":"Salchich\u00f3n de Bellota Ib\u00e9rico"},"content":{"rendered":"<p>Salchich\u00f3n de Bellota IB\u00c9RICO 50% Raza Ib\u00e9rica <strong>loncheado a m\u00e1quina y envasada al vac\u00edo<\/strong>.<\/p>\n<p><strong>PESO:<\/strong> Sobre de 100 gramos.<\/p>\n<p><strong>Ingredientes:<\/strong> Magro de cerdo, sal, lactosa, prote\u00edna de leche, az\u00facar, dextrina, especias (pimienta y nuez moscada), ajo, vino, antioxidante (E-301 y E-331 iii), colorante (E-120), conservadores (E-252 y E-250). El producto contiene lactosa y prote\u00ednas de leche.<\/p>\n<p><strong>Conservar en un lugar fresco y seco.<\/strong><\/p>\n","protected":false},"excerpt":{"rendered":"<p>El salchich\u00f3n ib\u00e9rico de bellota Dehesa Casablanca es conocido por ser tener un toque diferente y sabroso. Solo con el magro de bellota mejor escogido y con una elaboraci\u00f3n apropiada y de forma artesanal en todo su proceso, as\u00ed como su curaci\u00f3n solo en secaderos naturales durante 5 meses, podemos lograrlo.<\/p>\n<p>Los aromas, el sabor que otorga una alimentaci\u00f3n a base de bellota y productos naturales, quedan reflejados en cada bocado. Con pesos que oscilan entre el kilo y kilo y medio, conquistan a expertos y exigentes expertos.<\/p>\n<p><strong>Peso sobre:<\/strong> 100g<\/p>\n","protected":false},"featured_media":2414,"comment_status":"open","ping_status":"closed","template":"","meta":{"_et_pb_use_builder":"","_et_pb_old_content":"","_et_gb_content_width":""},"product_cat":[29],"product_tag":[],"yoast_head":"<!-- This site is optimized with the Yoast SEO plugin v17.6 - https:\/\/yoast.com\/wordpress\/plugins\/seo\/ -->\n<title>Salchich\u00f3n de Bellota Ib\u00e9rico - Dehesa Casablanca<\/title>\n<meta name=\"robots\" content=\"index, follow, max-snippet:-1, max-image-preview:large, max-video-preview:-1\" \/>\n<link rel=\"canonical\" href=\"https:\/\/dehesacasablanca.com\/tienda\/producto\/salchichon-de-bellota-iberico\/\" \/>\n<meta property=\"og:locale\" content=\"es_ES\" \/>\n<meta property=\"og:type\" content=\"article\" \/>\n<meta property=\"og:title\" content=\"Salchich\u00f3n de Bellota Ib\u00e9rico - Dehesa Casablanca\" \/>\n<meta property=\"og:description\" content=\"El salchich\u00f3n ib\u00e9rico de bellota Dehesa Casablanca es conocido por ser tener un toque diferente y sabroso. Solo con el magro de bellota mejor escogido y con una elaboraci\u00f3n apropiada y de forma artesanal en todo su proceso, as\u00ed como su curaci\u00f3n solo en secaderos naturales durante 5 meses, podemos lograrlo.  Los aromas, el sabor que otorga una alimentaci\u00f3n a base de bellota y productos naturales, quedan reflejados en cada bocado. Con pesos que oscilan entre el kilo y kilo y medio, conquistan a expertos y exigentes expertos.  Peso sobre: 100g\" \/>\n<meta property=\"og:url\" content=\"https:\/\/dehesacasablanca.com\/tienda\/producto\/salchichon-de-bellota-iberico\/\" \/>\n<meta property=\"og:site_name\" content=\"Dehesa Casablanca\" \/>\n<meta property=\"article:modified_time\" content=\"2020-10-17T08:29:36+00:00\" \/>\n<meta property=\"og:image\" content=\"https:\/\/dehesacasablanca.com\/tienda\/wp-content\/uploads\/2020\/10\/salchichon-bellota-loncheado-dehesa-casablanca.jpg\" \/>\n\t<meta property=\"og:image:width\" content=\"1600\" \/>\n\t<meta property=\"og:image:height\" content=\"1829\" \/>\n<meta name=\"twitter:card\" content=\"summary_large_image\" \/>\n<script type=\"application\/ld+json\" class=\"yoast-schema-graph\">{\"@context\":\"https:\/\/schema.org\",\"@graph\":[{\"@type\":\"WebSite\",\"@id\":\"https:\/\/dehesacasablanca.com\/tienda\/#website\",\"url\":\"https:\/\/dehesacasablanca.com\/tienda\/\",\"name\":\"Dehesa Casablanca\",\"description\":\"Cr\\u00eda y cuidado del cerdo ib\\u00e9rico\",\"potentialAction\":[{\"@type\":\"SearchAction\",\"target\":{\"@type\":\"EntryPoint\",\"urlTemplate\":\"https:\/\/dehesacasablanca.com\/tienda\/?s={search_term_string}\"},\"query-input\":\"required name=search_term_string\"}],\"inLanguage\":\"es\"},{\"@type\":\"ImageObject\",\"@id\":\"https:\/\/dehesacasablanca.com\/tienda\/producto\/salchichon-de-bellota-iberico\/#primaryimage\",\"inLanguage\":\"es\",\"url\":\"https:\/\/dehesacasablanca.com\/tienda\/wp-content\/uploads\/2020\/10\/salchichon-bellota-loncheado-dehesa-casablanca.jpg\",\"contentUrl\":\"https:\/\/dehesacasablanca.com\/tienda\/wp-content\/uploads\/2020\/10\/salchichon-bellota-loncheado-dehesa-casablanca.jpg\",\"width\":1600,\"height\":1829,\"caption\":\"Salchich\\u00f3n bellota loncheado\"},{\"@type\":\"WebPage\",\"@id\":\"https:\/\/dehesacasablanca.com\/tienda\/producto\/salchichon-de-bellota-iberico\/#webpage\",\"url\":\"https:\/\/dehesacasablanca.com\/tienda\/producto\/salchichon-de-bellota-iberico\/\",\"name\":\"Salchich\\u00f3n de Bellota Ib\\u00e9rico - Dehesa Casablanca\",\"isPartOf\":{\"@id\":\"https:\/\/dehesacasablanca.com\/tienda\/#website\"},\"primaryImageOfPage\":{\"@id\":\"https:\/\/dehesacasablanca.com\/tienda\/producto\/salchichon-de-bellota-iberico\/#primaryimage\"},\"datePublished\":\"2020-10-15T16:38:09+00:00\",\"dateModified\":\"2020-10-17T08:29:36+00:00\",\"breadcrumb\":{\"@id\":\"https:\/\/dehesacasablanca.com\/tienda\/producto\/salchichon-de-bellota-iberico\/#breadcrumb\"},\"inLanguage\":\"es\",\"potentialAction\":[{\"@type\":\"ReadAction\",\"target\":[\"https:\/\/dehesacasablanca.com\/tienda\/producto\/salchichon-de-bellota-iberico\/\"]}]},{\"@type\":\"BreadcrumbList\",\"@id\":\"https:\/\/dehesacasablanca.com\/tienda\/producto\/salchichon-de-bellota-iberico\/#breadcrumb\",\"itemListElement\":[{\"@type\":\"ListItem\",\"position\":1,\"name\":\"Home\",\"item\":\"https:\/\/dehesacasablanca.com\/tienda\/\"},{\"@type\":\"ListItem\",\"position\":2,\"name\":\"Productos\",\"item\":\"https:\/\/dehesacasablanca.com\/tienda\/shop\/\"},{\"@type\":\"ListItem\",\"position\":3,\"name\":\"Salchich\\u00f3n de Bellota Ib\\u00e9rico\"}]}]}<\/script>\n<!-- \/ Yoast SEO plugin. -->","yoast_head_json":{"title":"Salchich\u00f3n de Bellota Ib\u00e9rico - Dehesa Casablanca","robots":{"index":"index","follow":"follow","max-snippet":"max-snippet:-1","max-image-preview":"max-image-preview:large","max-video-preview":"max-video-preview:-1"},"canonical":"https:\/\/dehesacasablanca.com\/tienda\/producto\/salchichon-de-bellota-iberico\/","og_locale":"es_ES","og_type":"article","og_title":"Salchich\u00f3n de Bellota Ib\u00e9rico - Dehesa Casablanca","og_description":"El salchich\u00f3n ib\u00e9rico de bellota Dehesa Casablanca es conocido por ser tener un toque diferente y sabroso. Solo con el magro de bellota mejor escogido y con una elaboraci\u00f3n apropiada y de forma artesanal en todo su proceso, as\u00ed como su curaci\u00f3n solo en secaderos naturales durante 5 meses, podemos lograrlo.  Los aromas, el sabor que otorga una alimentaci\u00f3n a base de bellota y productos naturales, quedan reflejados en cada bocado. Con pesos que oscilan entre el kilo y kilo y medio, conquistan a expertos y exigentes expertos.  Peso sobre: 100g","og_url":"https:\/\/dehesacasablanca.com\/tienda\/producto\/salchichon-de-bellota-iberico\/","og_site_name":"Dehesa Casablanca","article_modified_time":"2020-10-17T08:29:36+00:00","og_image":[{"width":1600,"height":1829,"url":"https:\/\/dehesacasablanca.com\/tienda\/wp-content\/uploads\/2020\/10\/salchichon-bellota-loncheado-dehesa-casablanca.jpg","type":"image\/jpeg"}],"twitter_card":"summary_large_image","schema":{"@context":"https:\/\/schema.org","@graph":[{"@type":"WebSite","@id":"https:\/\/dehesacasablanca.com\/tienda\/#website","url":"https:\/\/dehesacasablanca.com\/tienda\/","name":"Dehesa Casablanca","description":"Cr\u00eda y cuidado del cerdo ib\u00e9rico","potentialAction":[{"@type":"SearchAction","target":{"@type":"EntryPoint","urlTemplate":"https:\/\/dehesacasablanca.com\/tienda\/?s={search_term_string}"},"query-input":"required name=search_term_string"}],"inLanguage":"es"},{"@type":"ImageObject","@id":"https:\/\/dehesacasablanca.com\/tienda\/producto\/salchichon-de-bellota-iberico\/#primaryimage","inLanguage":"es","url":"https:\/\/dehesacasablanca.com\/tienda\/wp-content\/uploads\/2020\/10\/salchichon-bellota-loncheado-dehesa-casablanca.jpg","contentUrl":"https:\/\/dehesacasablanca.com\/tienda\/wp-content\/uploads\/2020\/10\/salchichon-bellota-loncheado-dehesa-casablanca.jpg","width":1600,"height":1829,"caption":"Salchich\u00f3n bellota loncheado"},{"@type":"WebPage","@id":"https:\/\/dehesacasablanca.com\/tienda\/producto\/salchichon-de-bellota-iberico\/#webpage","url":"https:\/\/dehesacasablanca.com\/tienda\/producto\/salchichon-de-bellota-iberico\/","name":"Salchich\u00f3n de Bellota Ib\u00e9rico - Dehesa Casablanca","isPartOf":{"@id":"https:\/\/dehesacasablanca.com\/tienda\/#website"},"primaryImageOfPage":{"@id":"https:\/\/dehesacasablanca.com\/tienda\/producto\/salchichon-de-bellota-iberico\/#primaryimage"},"datePublished":"2020-10-15T16:38:09+00:00","dateModified":"2020-10-17T08:29:36+00:00","breadcrumb":{"@id":"https:\/\/dehesacasablanca.com\/tienda\/producto\/salchichon-de-bellota-iberico\/#breadcrumb"},"inLanguage":"es","potentialAction":[{"@type":"ReadAction","target":["https:\/\/dehesacasablanca.com\/tienda\/producto\/salchichon-de-bellota-iberico\/"]}]},{"@type":"BreadcrumbList","@id":"https:\/\/dehesacasablanca.com\/tienda\/producto\/salchichon-de-bellota-iberico\/#breadcrumb","itemListElement":[{"@type":"ListItem","position":1,"name":"Home","item":"https:\/\/dehesacasablanca.com\/tienda\/"},{"@type":"ListItem","position":2,"name":"Productos","item":"https:\/\/dehesacasablanca.com\/tienda\/shop\/"},{"@type":"ListItem","position":3,"name":"Salchich\u00f3n de Bellota Ib\u00e9rico"}]}]}},"_links":{"self":[{"href":"https:\/\/dehesacasablanca.com\/tienda\/wp-json\/wp\/v2\/product\/2336"}],"collection":[{"href":"https:\/\/dehesacasablanca.com\/tienda\/wp-json\/wp\/v2\/product"}],"about":[{"href":"https:\/\/dehesacasablanca.com\/tienda\/wp-json\/wp\/v2\/types\/product"}],"replies":[{"embeddable":true,"href":"https:\/\/dehesacasablanca.com\/tienda\/wp-json\/wp\/v2\/comments?post=2336"}],"wp:featuredmedia":[{"embeddable":true,"href":"https:\/\/dehesacasablanca.com\/tienda\/wp-json\/wp\/v2\/media\/2414"}],"wp:attachment":[{"href":"https:\/\/dehesacasablanca.com\/tienda\/wp-json\/wp\/v2\/media?parent=2336"}],"wp:term":[{"taxonomy":"product_cat","embeddable":true,"href":"https:\/\/dehesacasablanca.com\/tienda\/wp-json\/wp\/v2\/product_cat?post=2336"},{"taxonomy":"product_tag","embeddable":true,"href":"https:\/\/dehesacasablanca.com\/tienda\/wp-json\/wp\/v2\/product_tag?post=2336"}],"curies":[{"name":"wp","href":"https:\/\/api.w.org\/{rel}","templated":true}]}}