{"id":2233,"date":"2020-10-14T13:57:48","date_gmt":"2020-10-14T11:57:48","guid":{"rendered":"https:\/\/dehesa.controlv.es\/?post_type=product&#038;p=2233"},"modified":"2021-02-25T10:17:13","modified_gmt":"2021-02-25T09:17:13","slug":"lomito-de-bellota-iberico-50-raza-iberica","status":"publish","type":"product","link":"https:\/\/dehesacasablanca.com\/tienda\/producto\/lomito-de-bellota-iberico-50-raza-iberica\/","title":{"rendered":"Lomito de Bellota Ib\u00e9rico &#8211; 50% Raza Ib\u00e9rica"},"content":{"rendered":"<p>Presa de Bellota IB\u00c9RICA 50 % Raza Ib\u00e9rica<strong> media pieza curada envasada al vac\u00edo<\/strong>.<\/p>\n<p><strong>PESO:<\/strong> Peso aproximado entre 0,4 y 0,5 kg.<\/p>\n<p><strong>Ingredientes:<\/strong> Presa de cerdo ib\u00e9rico, sal, lactosa, piment\u00f3n, az\u00facar, conservadores (E-250, E-252), antioxidante (E-301).<\/p>\n<p><strong>Conservar en refrigeraci\u00f3n. Abrir 5 minutos antes de su consumo.<\/strong><\/p>\n","protected":false},"excerpt":{"rendered":"<p>Nuestro producto estrella, nuestro orgullo, y m\u00e1ximo exponente de calidad.<\/p>\n<p>Hecho a base de presa ib\u00e9rica de bellota curada, otorga una potencia de sabor en boca y un delicioso aroma inconfundible que sorprende a todo aquel lo prueba.<\/p>\n<p>La elaboraci\u00f3n es muy cuidada, propia de la carne con la que se elabora y una curaci\u00f3n lenta y bajo la atenta mirada de expertos, conseguimos fabricar un producto tan exquisito como es \u00e9ste.<\/p>\n<p>Con un peso de 400 a 550 g es suficiente para conquistar paladares expertos e incr\u00e9dulos.<\/p>\n<p>D\u00e9jate conquistar por un sabor potente, nuevo y sorprenderte que har\u00e1 preguntarte por qu\u00e9 antes no lo hab\u00edas encontrado.<\/p>\n<p>&nbsp;<\/p>\n","protected":false},"featured_media":2237,"comment_status":"open","ping_status":"closed","template":"","meta":{"_et_pb_use_builder":"","_et_pb_old_content":"","_et_gb_content_width":""},"product_cat":[32],"product_tag":[],"yoast_head":"<!-- This site is optimized with the Yoast SEO plugin v17.6 - https:\/\/yoast.com\/wordpress\/plugins\/seo\/ -->\n<title>Lomito de Bellota Ib\u00e9rico - 50% Raza Ib\u00e9rica - Dehesa Casablanca<\/title>\n<meta name=\"robots\" content=\"index, follow, max-snippet:-1, max-image-preview:large, max-video-preview:-1\" \/>\n<link rel=\"canonical\" href=\"https:\/\/dehesacasablanca.com\/tienda\/producto\/lomito-de-bellota-iberico-50-raza-iberica\/\" \/>\n<meta property=\"og:locale\" content=\"es_ES\" \/>\n<meta property=\"og:type\" content=\"article\" \/>\n<meta property=\"og:title\" content=\"Lomito de Bellota Ib\u00e9rico - 50% Raza Ib\u00e9rica - Dehesa Casablanca\" \/>\n<meta property=\"og:description\" content=\"Nuestro producto estrella, nuestro orgullo, y m\u00e1ximo exponente de calidad.  Hecho a base de presa ib\u00e9rica de bellota curada, otorga una potencia de sabor en boca y un delicioso aroma inconfundible que sorprende a todo aquel lo prueba.  La elaboraci\u00f3n es muy cuidada, propia de la carne con la que se elabora y una curaci\u00f3n lenta y bajo la atenta mirada de expertos, conseguimos fabricar un producto tan exquisito como es \u00e9ste.  Con un peso de 400 a 550 g es suficiente para conquistar paladares expertos e incr\u00e9dulos.  D\u00e9jate conquistar por un sabor potente, nuevo y sorprenderte que har\u00e1 preguntarte por qu\u00e9 antes no lo hab\u00edas encontrado.  &nbsp;\" \/>\n<meta property=\"og:url\" content=\"https:\/\/dehesacasablanca.com\/tienda\/producto\/lomito-de-bellota-iberico-50-raza-iberica\/\" \/>\n<meta property=\"og:site_name\" content=\"Dehesa Casablanca\" \/>\n<meta property=\"article:modified_time\" content=\"2021-02-25T09:17:13+00:00\" \/>\n<meta property=\"og:image\" content=\"https:\/\/dehesacasablanca.com\/tienda\/wp-content\/uploads\/2020\/10\/lomito-bellota-pieza-dehesa-casablanca.jpg\" \/>\n\t<meta property=\"og:image:width\" content=\"1600\" \/>\n\t<meta property=\"og:image:height\" content=\"1829\" \/>\n<meta name=\"twitter:card\" content=\"summary_large_image\" \/>\n<script type=\"application\/ld+json\" class=\"yoast-schema-graph\">{\"@context\":\"https:\/\/schema.org\",\"@graph\":[{\"@type\":\"WebSite\",\"@id\":\"https:\/\/dehesacasablanca.com\/tienda\/#website\",\"url\":\"https:\/\/dehesacasablanca.com\/tienda\/\",\"name\":\"Dehesa Casablanca\",\"description\":\"Cr\\u00eda y cuidado del cerdo ib\\u00e9rico\",\"potentialAction\":[{\"@type\":\"SearchAction\",\"target\":{\"@type\":\"EntryPoint\",\"urlTemplate\":\"https:\/\/dehesacasablanca.com\/tienda\/?s={search_term_string}\"},\"query-input\":\"required name=search_term_string\"}],\"inLanguage\":\"es\"},{\"@type\":\"ImageObject\",\"@id\":\"https:\/\/dehesacasablanca.com\/tienda\/producto\/lomito-de-bellota-iberico-50-raza-iberica\/#primaryimage\",\"inLanguage\":\"es\",\"url\":\"https:\/\/dehesacasablanca.com\/tienda\/wp-content\/uploads\/2020\/10\/lomito-bellota-pieza-dehesa-casablanca.jpg\",\"contentUrl\":\"https:\/\/dehesacasablanca.com\/tienda\/wp-content\/uploads\/2020\/10\/lomito-bellota-pieza-dehesa-casablanca.jpg\",\"width\":1600,\"height\":1829,\"caption\":\"Lomito bellota pieza\"},{\"@type\":\"WebPage\",\"@id\":\"https:\/\/dehesacasablanca.com\/tienda\/producto\/lomito-de-bellota-iberico-50-raza-iberica\/#webpage\",\"url\":\"https:\/\/dehesacasablanca.com\/tienda\/producto\/lomito-de-bellota-iberico-50-raza-iberica\/\",\"name\":\"Lomito de Bellota Ib\\u00e9rico - 50% Raza Ib\\u00e9rica - Dehesa Casablanca\",\"isPartOf\":{\"@id\":\"https:\/\/dehesacasablanca.com\/tienda\/#website\"},\"primaryImageOfPage\":{\"@id\":\"https:\/\/dehesacasablanca.com\/tienda\/producto\/lomito-de-bellota-iberico-50-raza-iberica\/#primaryimage\"},\"datePublished\":\"2020-10-14T11:57:48+00:00\",\"dateModified\":\"2021-02-25T09:17:13+00:00\",\"breadcrumb\":{\"@id\":\"https:\/\/dehesacasablanca.com\/tienda\/producto\/lomito-de-bellota-iberico-50-raza-iberica\/#breadcrumb\"},\"inLanguage\":\"es\",\"potentialAction\":[{\"@type\":\"ReadAction\",\"target\":[\"https:\/\/dehesacasablanca.com\/tienda\/producto\/lomito-de-bellota-iberico-50-raza-iberica\/\"]}]},{\"@type\":\"BreadcrumbList\",\"@id\":\"https:\/\/dehesacasablanca.com\/tienda\/producto\/lomito-de-bellota-iberico-50-raza-iberica\/#breadcrumb\",\"itemListElement\":[{\"@type\":\"ListItem\",\"position\":1,\"name\":\"Home\",\"item\":\"https:\/\/dehesacasablanca.com\/tienda\/\"},{\"@type\":\"ListItem\",\"position\":2,\"name\":\"Productos\",\"item\":\"https:\/\/dehesacasablanca.com\/tienda\/shop\/\"},{\"@type\":\"ListItem\",\"position\":3,\"name\":\"Lomito de Bellota Ib\\u00e9rico &#8211; 50% Raza Ib\\u00e9rica\"}]}]}<\/script>\n<!-- \/ Yoast SEO plugin. -->","yoast_head_json":{"title":"Lomito de Bellota Ib\u00e9rico - 50% Raza Ib\u00e9rica - Dehesa Casablanca","robots":{"index":"index","follow":"follow","max-snippet":"max-snippet:-1","max-image-preview":"max-image-preview:large","max-video-preview":"max-video-preview:-1"},"canonical":"https:\/\/dehesacasablanca.com\/tienda\/producto\/lomito-de-bellota-iberico-50-raza-iberica\/","og_locale":"es_ES","og_type":"article","og_title":"Lomito de Bellota Ib\u00e9rico - 50% Raza Ib\u00e9rica - Dehesa Casablanca","og_description":"Nuestro producto estrella, nuestro orgullo, y m\u00e1ximo exponente de calidad.  Hecho a base de presa ib\u00e9rica de bellota curada, otorga una potencia de sabor en boca y un delicioso aroma inconfundible que sorprende a todo aquel lo prueba.  La elaboraci\u00f3n es muy cuidada, propia de la carne con la que se elabora y una curaci\u00f3n lenta y bajo la atenta mirada de expertos, conseguimos fabricar un producto tan exquisito como es \u00e9ste.  Con un peso de 400 a 550 g es suficiente para conquistar paladares expertos e incr\u00e9dulos.  D\u00e9jate conquistar por un sabor potente, nuevo y sorprenderte que har\u00e1 preguntarte por qu\u00e9 antes no lo hab\u00edas encontrado.  &nbsp;","og_url":"https:\/\/dehesacasablanca.com\/tienda\/producto\/lomito-de-bellota-iberico-50-raza-iberica\/","og_site_name":"Dehesa Casablanca","article_modified_time":"2021-02-25T09:17:13+00:00","og_image":[{"width":1600,"height":1829,"url":"https:\/\/dehesacasablanca.com\/tienda\/wp-content\/uploads\/2020\/10\/lomito-bellota-pieza-dehesa-casablanca.jpg","type":"image\/jpeg"}],"twitter_card":"summary_large_image","schema":{"@context":"https:\/\/schema.org","@graph":[{"@type":"WebSite","@id":"https:\/\/dehesacasablanca.com\/tienda\/#website","url":"https:\/\/dehesacasablanca.com\/tienda\/","name":"Dehesa Casablanca","description":"Cr\u00eda y cuidado del cerdo ib\u00e9rico","potentialAction":[{"@type":"SearchAction","target":{"@type":"EntryPoint","urlTemplate":"https:\/\/dehesacasablanca.com\/tienda\/?s={search_term_string}"},"query-input":"required name=search_term_string"}],"inLanguage":"es"},{"@type":"ImageObject","@id":"https:\/\/dehesacasablanca.com\/tienda\/producto\/lomito-de-bellota-iberico-50-raza-iberica\/#primaryimage","inLanguage":"es","url":"https:\/\/dehesacasablanca.com\/tienda\/wp-content\/uploads\/2020\/10\/lomito-bellota-pieza-dehesa-casablanca.jpg","contentUrl":"https:\/\/dehesacasablanca.com\/tienda\/wp-content\/uploads\/2020\/10\/lomito-bellota-pieza-dehesa-casablanca.jpg","width":1600,"height":1829,"caption":"Lomito bellota pieza"},{"@type":"WebPage","@id":"https:\/\/dehesacasablanca.com\/tienda\/producto\/lomito-de-bellota-iberico-50-raza-iberica\/#webpage","url":"https:\/\/dehesacasablanca.com\/tienda\/producto\/lomito-de-bellota-iberico-50-raza-iberica\/","name":"Lomito de Bellota Ib\u00e9rico - 50% Raza Ib\u00e9rica - Dehesa Casablanca","isPartOf":{"@id":"https:\/\/dehesacasablanca.com\/tienda\/#website"},"primaryImageOfPage":{"@id":"https:\/\/dehesacasablanca.com\/tienda\/producto\/lomito-de-bellota-iberico-50-raza-iberica\/#primaryimage"},"datePublished":"2020-10-14T11:57:48+00:00","dateModified":"2021-02-25T09:17:13+00:00","breadcrumb":{"@id":"https:\/\/dehesacasablanca.com\/tienda\/producto\/lomito-de-bellota-iberico-50-raza-iberica\/#breadcrumb"},"inLanguage":"es","potentialAction":[{"@type":"ReadAction","target":["https:\/\/dehesacasablanca.com\/tienda\/producto\/lomito-de-bellota-iberico-50-raza-iberica\/"]}]},{"@type":"BreadcrumbList","@id":"https:\/\/dehesacasablanca.com\/tienda\/producto\/lomito-de-bellota-iberico-50-raza-iberica\/#breadcrumb","itemListElement":[{"@type":"ListItem","position":1,"name":"Home","item":"https:\/\/dehesacasablanca.com\/tienda\/"},{"@type":"ListItem","position":2,"name":"Productos","item":"https:\/\/dehesacasablanca.com\/tienda\/shop\/"},{"@type":"ListItem","position":3,"name":"Lomito de Bellota Ib\u00e9rico &#8211; 50% Raza Ib\u00e9rica"}]}]}},"_links":{"self":[{"href":"https:\/\/dehesacasablanca.com\/tienda\/wp-json\/wp\/v2\/product\/2233"}],"collection":[{"href":"https:\/\/dehesacasablanca.com\/tienda\/wp-json\/wp\/v2\/product"}],"about":[{"href":"https:\/\/dehesacasablanca.com\/tienda\/wp-json\/wp\/v2\/types\/product"}],"replies":[{"embeddable":true,"href":"https:\/\/dehesacasablanca.com\/tienda\/wp-json\/wp\/v2\/comments?post=2233"}],"wp:featuredmedia":[{"embeddable":true,"href":"https:\/\/dehesacasablanca.com\/tienda\/wp-json\/wp\/v2\/media\/2237"}],"wp:attachment":[{"href":"https:\/\/dehesacasablanca.com\/tienda\/wp-json\/wp\/v2\/media?parent=2233"}],"wp:term":[{"taxonomy":"product_cat","embeddable":true,"href":"https:\/\/dehesacasablanca.com\/tienda\/wp-json\/wp\/v2\/product_cat?post=2233"},{"taxonomy":"product_tag","embeddable":true,"href":"https:\/\/dehesacasablanca.com\/tienda\/wp-json\/wp\/v2\/product_tag?post=2233"}],"curies":[{"name":"wp","href":"https:\/\/api.w.org\/{rel}","templated":true}]}}