{"id":2231,"date":"2020-10-14T13:49:59","date_gmt":"2020-10-14T11:49:59","guid":{"rendered":"https:\/\/dehesa.controlv.es\/?post_type=product&#038;p=2231"},"modified":"2020-10-18T11:34:33","modified_gmt":"2020-10-18T09:34:33","slug":"centro-de-paleta-de-bellota-iberica-50-raza-iberica","status":"publish","type":"product","link":"https:\/\/dehesacasablanca.com\/tienda\/producto\/centro-de-paleta-de-bellota-iberica-50-raza-iberica\/","title":{"rendered":"Centro de Paleta de Bellota Ib\u00e9rica &#8211; 50% Raza Ib\u00e9rica"},"content":{"rendered":"<p>Centro de Paleta de Bellota IB\u00c9RICO 50% Raza Ib\u00e9rica. Producto comercializado como <strong>centro de paleta envasada al vac\u00edo.<\/strong><\/p>\n<p><strong>PESO:<\/strong> Rango de pesos entre 2 &#8211; 2.8 Kg<\/p>\n<p><strong>Ingredientes:<\/strong> Paleta ib\u00e9rica de bellota, sal, conservadores (E250 y E252), lactosa y antioxidante (E331). El producto contiene lactosa.<\/p>\n<p><strong>Conservar en condiciones de refrigeraci\u00f3n: T\u00aa&lt;7\u00baC<\/strong><\/p>\n<p><strong>Se recomienda sacar del envase 5 minutos antes de su consumo para atemperar el producto.<\/strong><\/p>\n","protected":false},"excerpt":{"rendered":"<p>La Paleta ib\u00e9rica de bellota Dehesa Casablanca, con una curaci\u00f3n de 30 a 36 meses seg\u00fan su peso que oscilan de 5 a 6 kg, es una combinaci\u00f3n perfecta de sabor, aromas silvestres y propios de la Dehesa Salmantina en su correcto punto de sal. El cerdo est\u00e1 en libertad durante toda su vida, por lo que se ve reflejado en el sabor, ya que se alimenta de todo tipo de hierbas, y alimentos naturales que encuentra estando libre.<\/p>\n<p>El mimo que se le da al animal y al producto en su curaci\u00f3n aparece reflejado en ella tanto a nivel de un gran sabor, como de una gran textura, apta para satisfacer los paladares m\u00e1s exigentes.<\/p>\n","protected":false},"featured_media":2240,"comment_status":"open","ping_status":"closed","template":"","meta":{"_et_pb_use_builder":"","_et_pb_old_content":"","_et_gb_content_width":""},"product_cat":[20],"product_tag":[],"yoast_head":"<!-- This site is optimized with the Yoast SEO plugin v17.6 - https:\/\/yoast.com\/wordpress\/plugins\/seo\/ -->\n<title>Centro de Paleta de Bellota Ib\u00e9rica - 50% Raza Ib\u00e9rica - Dehesa Casablanca<\/title>\n<meta name=\"robots\" content=\"index, follow, max-snippet:-1, max-image-preview:large, max-video-preview:-1\" \/>\n<link rel=\"canonical\" href=\"https:\/\/dehesacasablanca.com\/tienda\/producto\/centro-de-paleta-de-bellota-iberica-50-raza-iberica\/\" \/>\n<meta property=\"og:locale\" content=\"es_ES\" \/>\n<meta property=\"og:type\" content=\"article\" \/>\n<meta property=\"og:title\" content=\"Centro de Paleta de Bellota Ib\u00e9rica - 50% Raza Ib\u00e9rica - Dehesa Casablanca\" \/>\n<meta property=\"og:description\" content=\"La Paleta ib\u00e9rica de bellota Dehesa Casablanca, con una curaci\u00f3n de 30 a 36 meses seg\u00fan su peso que oscilan de 5 a 6 kg, es una combinaci\u00f3n perfecta de sabor, aromas silvestres y propios de la Dehesa Salmantina en su correcto punto de sal. El cerdo est\u00e1 en libertad durante toda su vida, por lo que se ve reflejado en el sabor, ya que se alimenta de todo tipo de hierbas, y alimentos naturales que encuentra estando libre.  El mimo que se le da al animal y al producto en su curaci\u00f3n aparece reflejado en ella tanto a nivel de un gran sabor, como de una gran textura, apta para satisfacer los paladares m\u00e1s exigentes.\" \/>\n<meta property=\"og:url\" content=\"https:\/\/dehesacasablanca.com\/tienda\/producto\/centro-de-paleta-de-bellota-iberica-50-raza-iberica\/\" \/>\n<meta property=\"og:site_name\" content=\"Dehesa Casablanca\" \/>\n<meta property=\"article:modified_time\" content=\"2020-10-18T09:34:33+00:00\" \/>\n<meta property=\"og:image\" content=\"https:\/\/dehesacasablanca.com\/tienda\/wp-content\/uploads\/2020\/10\/paleta-bellota-50-deshuesada-dehesa-casablanca.jpg\" \/>\n\t<meta property=\"og:image:width\" content=\"1600\" \/>\n\t<meta property=\"og:image:height\" content=\"1829\" \/>\n<meta name=\"twitter:card\" content=\"summary_large_image\" \/>\n<script type=\"application\/ld+json\" class=\"yoast-schema-graph\">{\"@context\":\"https:\/\/schema.org\",\"@graph\":[{\"@type\":\"WebSite\",\"@id\":\"https:\/\/dehesacasablanca.com\/tienda\/#website\",\"url\":\"https:\/\/dehesacasablanca.com\/tienda\/\",\"name\":\"Dehesa Casablanca\",\"description\":\"Cr\\u00eda y cuidado del cerdo ib\\u00e9rico\",\"potentialAction\":[{\"@type\":\"SearchAction\",\"target\":{\"@type\":\"EntryPoint\",\"urlTemplate\":\"https:\/\/dehesacasablanca.com\/tienda\/?s={search_term_string}\"},\"query-input\":\"required name=search_term_string\"}],\"inLanguage\":\"es\"},{\"@type\":\"ImageObject\",\"@id\":\"https:\/\/dehesacasablanca.com\/tienda\/producto\/centro-de-paleta-de-bellota-iberica-50-raza-iberica\/#primaryimage\",\"inLanguage\":\"es\",\"url\":\"https:\/\/dehesacasablanca.com\/tienda\/wp-content\/uploads\/2020\/10\/paleta-bellota-50-deshuesada-dehesa-casablanca.jpg\",\"contentUrl\":\"https:\/\/dehesacasablanca.com\/tienda\/wp-content\/uploads\/2020\/10\/paleta-bellota-50-deshuesada-dehesa-casablanca.jpg\",\"width\":1600,\"height\":1829,\"caption\":\"Paleta bellota 50 deshuesada\"},{\"@type\":\"WebPage\",\"@id\":\"https:\/\/dehesacasablanca.com\/tienda\/producto\/centro-de-paleta-de-bellota-iberica-50-raza-iberica\/#webpage\",\"url\":\"https:\/\/dehesacasablanca.com\/tienda\/producto\/centro-de-paleta-de-bellota-iberica-50-raza-iberica\/\",\"name\":\"Centro de Paleta de Bellota Ib\\u00e9rica - 50% Raza Ib\\u00e9rica - Dehesa Casablanca\",\"isPartOf\":{\"@id\":\"https:\/\/dehesacasablanca.com\/tienda\/#website\"},\"primaryImageOfPage\":{\"@id\":\"https:\/\/dehesacasablanca.com\/tienda\/producto\/centro-de-paleta-de-bellota-iberica-50-raza-iberica\/#primaryimage\"},\"datePublished\":\"2020-10-14T11:49:59+00:00\",\"dateModified\":\"2020-10-18T09:34:33+00:00\",\"breadcrumb\":{\"@id\":\"https:\/\/dehesacasablanca.com\/tienda\/producto\/centro-de-paleta-de-bellota-iberica-50-raza-iberica\/#breadcrumb\"},\"inLanguage\":\"es\",\"potentialAction\":[{\"@type\":\"ReadAction\",\"target\":[\"https:\/\/dehesacasablanca.com\/tienda\/producto\/centro-de-paleta-de-bellota-iberica-50-raza-iberica\/\"]}]},{\"@type\":\"BreadcrumbList\",\"@id\":\"https:\/\/dehesacasablanca.com\/tienda\/producto\/centro-de-paleta-de-bellota-iberica-50-raza-iberica\/#breadcrumb\",\"itemListElement\":[{\"@type\":\"ListItem\",\"position\":1,\"name\":\"Home\",\"item\":\"https:\/\/dehesacasablanca.com\/tienda\/\"},{\"@type\":\"ListItem\",\"position\":2,\"name\":\"Productos\",\"item\":\"https:\/\/dehesacasablanca.com\/tienda\/shop\/\"},{\"@type\":\"ListItem\",\"position\":3,\"name\":\"Centro de Paleta de Bellota Ib\\u00e9rica &#8211; 50% Raza Ib\\u00e9rica\"}]}]}<\/script>\n<!-- \/ Yoast SEO plugin. -->","yoast_head_json":{"title":"Centro de Paleta de Bellota Ib\u00e9rica - 50% Raza Ib\u00e9rica - Dehesa Casablanca","robots":{"index":"index","follow":"follow","max-snippet":"max-snippet:-1","max-image-preview":"max-image-preview:large","max-video-preview":"max-video-preview:-1"},"canonical":"https:\/\/dehesacasablanca.com\/tienda\/producto\/centro-de-paleta-de-bellota-iberica-50-raza-iberica\/","og_locale":"es_ES","og_type":"article","og_title":"Centro de Paleta de Bellota Ib\u00e9rica - 50% Raza Ib\u00e9rica - Dehesa Casablanca","og_description":"La Paleta ib\u00e9rica de bellota Dehesa Casablanca, con una curaci\u00f3n de 30 a 36 meses seg\u00fan su peso que oscilan de 5 a 6 kg, es una combinaci\u00f3n perfecta de sabor, aromas silvestres y propios de la Dehesa Salmantina en su correcto punto de sal. El cerdo est\u00e1 en libertad durante toda su vida, por lo que se ve reflejado en el sabor, ya que se alimenta de todo tipo de hierbas, y alimentos naturales que encuentra estando libre.  El mimo que se le da al animal y al producto en su curaci\u00f3n aparece reflejado en ella tanto a nivel de un gran sabor, como de una gran textura, apta para satisfacer los paladares m\u00e1s exigentes.","og_url":"https:\/\/dehesacasablanca.com\/tienda\/producto\/centro-de-paleta-de-bellota-iberica-50-raza-iberica\/","og_site_name":"Dehesa Casablanca","article_modified_time":"2020-10-18T09:34:33+00:00","og_image":[{"width":1600,"height":1829,"url":"https:\/\/dehesacasablanca.com\/tienda\/wp-content\/uploads\/2020\/10\/paleta-bellota-50-deshuesada-dehesa-casablanca.jpg","type":"image\/jpeg"}],"twitter_card":"summary_large_image","schema":{"@context":"https:\/\/schema.org","@graph":[{"@type":"WebSite","@id":"https:\/\/dehesacasablanca.com\/tienda\/#website","url":"https:\/\/dehesacasablanca.com\/tienda\/","name":"Dehesa Casablanca","description":"Cr\u00eda y cuidado del cerdo ib\u00e9rico","potentialAction":[{"@type":"SearchAction","target":{"@type":"EntryPoint","urlTemplate":"https:\/\/dehesacasablanca.com\/tienda\/?s={search_term_string}"},"query-input":"required name=search_term_string"}],"inLanguage":"es"},{"@type":"ImageObject","@id":"https:\/\/dehesacasablanca.com\/tienda\/producto\/centro-de-paleta-de-bellota-iberica-50-raza-iberica\/#primaryimage","inLanguage":"es","url":"https:\/\/dehesacasablanca.com\/tienda\/wp-content\/uploads\/2020\/10\/paleta-bellota-50-deshuesada-dehesa-casablanca.jpg","contentUrl":"https:\/\/dehesacasablanca.com\/tienda\/wp-content\/uploads\/2020\/10\/paleta-bellota-50-deshuesada-dehesa-casablanca.jpg","width":1600,"height":1829,"caption":"Paleta bellota 50 deshuesada"},{"@type":"WebPage","@id":"https:\/\/dehesacasablanca.com\/tienda\/producto\/centro-de-paleta-de-bellota-iberica-50-raza-iberica\/#webpage","url":"https:\/\/dehesacasablanca.com\/tienda\/producto\/centro-de-paleta-de-bellota-iberica-50-raza-iberica\/","name":"Centro de Paleta de Bellota Ib\u00e9rica - 50% Raza Ib\u00e9rica - Dehesa Casablanca","isPartOf":{"@id":"https:\/\/dehesacasablanca.com\/tienda\/#website"},"primaryImageOfPage":{"@id":"https:\/\/dehesacasablanca.com\/tienda\/producto\/centro-de-paleta-de-bellota-iberica-50-raza-iberica\/#primaryimage"},"datePublished":"2020-10-14T11:49:59+00:00","dateModified":"2020-10-18T09:34:33+00:00","breadcrumb":{"@id":"https:\/\/dehesacasablanca.com\/tienda\/producto\/centro-de-paleta-de-bellota-iberica-50-raza-iberica\/#breadcrumb"},"inLanguage":"es","potentialAction":[{"@type":"ReadAction","target":["https:\/\/dehesacasablanca.com\/tienda\/producto\/centro-de-paleta-de-bellota-iberica-50-raza-iberica\/"]}]},{"@type":"BreadcrumbList","@id":"https:\/\/dehesacasablanca.com\/tienda\/producto\/centro-de-paleta-de-bellota-iberica-50-raza-iberica\/#breadcrumb","itemListElement":[{"@type":"ListItem","position":1,"name":"Home","item":"https:\/\/dehesacasablanca.com\/tienda\/"},{"@type":"ListItem","position":2,"name":"Productos","item":"https:\/\/dehesacasablanca.com\/tienda\/shop\/"},{"@type":"ListItem","position":3,"name":"Centro de Paleta de Bellota Ib\u00e9rica &#8211; 50% Raza Ib\u00e9rica"}]}]}},"_links":{"self":[{"href":"https:\/\/dehesacasablanca.com\/tienda\/wp-json\/wp\/v2\/product\/2231"}],"collection":[{"href":"https:\/\/dehesacasablanca.com\/tienda\/wp-json\/wp\/v2\/product"}],"about":[{"href":"https:\/\/dehesacasablanca.com\/tienda\/wp-json\/wp\/v2\/types\/product"}],"replies":[{"embeddable":true,"href":"https:\/\/dehesacasablanca.com\/tienda\/wp-json\/wp\/v2\/comments?post=2231"}],"wp:featuredmedia":[{"embeddable":true,"href":"https:\/\/dehesacasablanca.com\/tienda\/wp-json\/wp\/v2\/media\/2240"}],"wp:attachment":[{"href":"https:\/\/dehesacasablanca.com\/tienda\/wp-json\/wp\/v2\/media?parent=2231"}],"wp:term":[{"taxonomy":"product_cat","embeddable":true,"href":"https:\/\/dehesacasablanca.com\/tienda\/wp-json\/wp\/v2\/product_cat?post=2231"},{"taxonomy":"product_tag","embeddable":true,"href":"https:\/\/dehesacasablanca.com\/tienda\/wp-json\/wp\/v2\/product_tag?post=2231"}],"curies":[{"name":"wp","href":"https:\/\/api.w.org\/{rel}","templated":true}]}}