{"id":2204,"date":"2020-10-14T09:39:58","date_gmt":"2020-10-14T07:39:58","guid":{"rendered":"https:\/\/dehesa.controlv.es\/?post_type=product&#038;p=2204"},"modified":"2021-09-23T10:49:30","modified_gmt":"2021-09-23T08:49:30","slug":"jamon-de-bellota-iberico-50-raza-iberica","status":"publish","type":"product","link":"https:\/\/dehesacasablanca.com\/tienda\/producto\/jamon-de-bellota-iberico-50-raza-iberica\/","title":{"rendered":"Jam\u00f3n de Bellota Ib\u00e9rico &#8211; 50% Raza Ib\u00e9rica"},"content":{"rendered":"<p>Jam\u00f3n De Bellota IB\u00c9RICO 50 % Raza Ib\u00e9rica comercializado en <strong>pieza entera, curada, recubierto de papel parafinado y malla.<\/strong><\/p>\n<p><strong>PESO:<\/strong> Rango de pesos entre 7,5 &#8211; 9,5 Kg<\/p>\n<p><strong>Ingredientes:<\/strong> Jam\u00f3n Ib\u00e9rico de bellota, sal, conservadores (E250 y E252), lactosa y antioxidante (E331). El producto contiene lactosa.<\/p>\n<p><strong>Conservar en lugar fresco, seco y a temperatura ambiente<\/strong><\/p>\n","protected":false},"excerpt":{"rendered":"<p>El Jam\u00f3n de Bellota Ib\u00e9rico 50 % Raza Ib\u00e9rica, es la conjunci\u00f3n de un sentimiento, de un querer buscar la excelencia en el proceso de elaboraci\u00f3n y curaci\u00f3n.<\/p>\n<p>La calidad comienza desde el momento del nacimiento del animal, la pureza de su raza, su alimentaci\u00f3n en las diferentes fases de crecimiento y lo m\u00e1s importante, la alimentaci\u00f3n a base de bellota en la Montanera.<\/p>\n<p>El jam\u00f3n\u00a0 de bellota ib\u00e9rico 50 % Raza Ib\u00e9rica con una curaci\u00f3n de 48 a 50 meses y un proceso de curaci\u00f3n lento, artesanal\u00a0 y acorde a la meteorolog\u00eda del clima castellano, le otorga un sabor inconfundible y dulce propio.<\/p>\n<p>Los pesos van desde 7,5 kg a 9.5 kg, y depende de la a\u00f1ada<\/p>\n","protected":false},"featured_media":2210,"comment_status":"open","ping_status":"closed","template":"","meta":{"_et_pb_use_builder":"","_et_pb_old_content":"","_et_gb_content_width":""},"product_cat":[20],"product_tag":[],"yoast_head":"<!-- This site is optimized with the Yoast SEO plugin v17.6 - https:\/\/yoast.com\/wordpress\/plugins\/seo\/ -->\n<title>Jam\u00f3n de Bellota Ib\u00e9rico - 50% Raza Ib\u00e9rica - Dehesa Casablanca<\/title>\n<meta name=\"robots\" content=\"index, follow, max-snippet:-1, max-image-preview:large, max-video-preview:-1\" \/>\n<link rel=\"canonical\" href=\"https:\/\/dehesacasablanca.com\/tienda\/producto\/jamon-de-bellota-iberico-50-raza-iberica\/\" \/>\n<meta property=\"og:locale\" content=\"es_ES\" \/>\n<meta property=\"og:type\" content=\"article\" \/>\n<meta property=\"og:title\" content=\"Jam\u00f3n de Bellota Ib\u00e9rico - 50% Raza Ib\u00e9rica - Dehesa Casablanca\" \/>\n<meta property=\"og:description\" content=\"El Jam\u00f3n de Bellota Ib\u00e9rico 50 % Raza Ib\u00e9rica, es la conjunci\u00f3n de un sentimiento, de un querer buscar la excelencia en el proceso de elaboraci\u00f3n y curaci\u00f3n.  La calidad comienza desde el momento del nacimiento del animal, la pureza de su raza, su alimentaci\u00f3n en las diferentes fases de crecimiento y lo m\u00e1s importante, la alimentaci\u00f3n a base de bellota en la Montanera.  El jam\u00f3n\u00a0 de bellota ib\u00e9rico 50 % Raza Ib\u00e9rica con una curaci\u00f3n de 48 a 50 meses y un proceso de curaci\u00f3n lento, artesanal\u00a0 y acorde a la meteorolog\u00eda del clima castellano, le otorga un sabor inconfundible y dulce propio.  Los pesos van desde 7,5 kg a 9.5 kg, y depende de la a\u00f1ada\" \/>\n<meta property=\"og:url\" content=\"https:\/\/dehesacasablanca.com\/tienda\/producto\/jamon-de-bellota-iberico-50-raza-iberica\/\" \/>\n<meta property=\"og:site_name\" content=\"Dehesa Casablanca\" \/>\n<meta property=\"article:modified_time\" content=\"2021-09-23T08:49:30+00:00\" \/>\n<meta property=\"og:image\" content=\"https:\/\/dehesacasablanca.com\/tienda\/wp-content\/uploads\/2020\/10\/jamon-bellota-50-1-dehesa-casablanca.jpg\" \/>\n\t<meta property=\"og:image:width\" content=\"1600\" \/>\n\t<meta property=\"og:image:height\" content=\"1829\" \/>\n<meta name=\"twitter:card\" content=\"summary_large_image\" \/>\n<script type=\"application\/ld+json\" class=\"yoast-schema-graph\">{\"@context\":\"https:\/\/schema.org\",\"@graph\":[{\"@type\":\"WebSite\",\"@id\":\"https:\/\/dehesacasablanca.com\/tienda\/#website\",\"url\":\"https:\/\/dehesacasablanca.com\/tienda\/\",\"name\":\"Dehesa Casablanca\",\"description\":\"Cr\\u00eda y cuidado del cerdo ib\\u00e9rico\",\"potentialAction\":[{\"@type\":\"SearchAction\",\"target\":{\"@type\":\"EntryPoint\",\"urlTemplate\":\"https:\/\/dehesacasablanca.com\/tienda\/?s={search_term_string}\"},\"query-input\":\"required name=search_term_string\"}],\"inLanguage\":\"es\"},{\"@type\":\"ImageObject\",\"@id\":\"https:\/\/dehesacasablanca.com\/tienda\/producto\/jamon-de-bellota-iberico-50-raza-iberica\/#primaryimage\",\"inLanguage\":\"es\",\"url\":\"https:\/\/dehesacasablanca.com\/tienda\/wp-content\/uploads\/2020\/10\/jamon-bellota-50-1-dehesa-casablanca.jpg\",\"contentUrl\":\"https:\/\/dehesacasablanca.com\/tienda\/wp-content\/uploads\/2020\/10\/jamon-bellota-50-1-dehesa-casablanca.jpg\",\"width\":1600,\"height\":1829,\"caption\":\"Jam\\u00f3n bellota 50\"},{\"@type\":\"WebPage\",\"@id\":\"https:\/\/dehesacasablanca.com\/tienda\/producto\/jamon-de-bellota-iberico-50-raza-iberica\/#webpage\",\"url\":\"https:\/\/dehesacasablanca.com\/tienda\/producto\/jamon-de-bellota-iberico-50-raza-iberica\/\",\"name\":\"Jam\\u00f3n de Bellota Ib\\u00e9rico - 50% Raza Ib\\u00e9rica - Dehesa Casablanca\",\"isPartOf\":{\"@id\":\"https:\/\/dehesacasablanca.com\/tienda\/#website\"},\"primaryImageOfPage\":{\"@id\":\"https:\/\/dehesacasablanca.com\/tienda\/producto\/jamon-de-bellota-iberico-50-raza-iberica\/#primaryimage\"},\"datePublished\":\"2020-10-14T07:39:58+00:00\",\"dateModified\":\"2021-09-23T08:49:30+00:00\",\"breadcrumb\":{\"@id\":\"https:\/\/dehesacasablanca.com\/tienda\/producto\/jamon-de-bellota-iberico-50-raza-iberica\/#breadcrumb\"},\"inLanguage\":\"es\",\"potentialAction\":[{\"@type\":\"ReadAction\",\"target\":[\"https:\/\/dehesacasablanca.com\/tienda\/producto\/jamon-de-bellota-iberico-50-raza-iberica\/\"]}]},{\"@type\":\"BreadcrumbList\",\"@id\":\"https:\/\/dehesacasablanca.com\/tienda\/producto\/jamon-de-bellota-iberico-50-raza-iberica\/#breadcrumb\",\"itemListElement\":[{\"@type\":\"ListItem\",\"position\":1,\"name\":\"Home\",\"item\":\"https:\/\/dehesacasablanca.com\/tienda\/\"},{\"@type\":\"ListItem\",\"position\":2,\"name\":\"Productos\",\"item\":\"https:\/\/dehesacasablanca.com\/tienda\/shop\/\"},{\"@type\":\"ListItem\",\"position\":3,\"name\":\"Jam\\u00f3n de Bellota Ib\\u00e9rico &#8211; 50% Raza Ib\\u00e9rica\"}]}]}<\/script>\n<!-- \/ Yoast SEO plugin. -->","yoast_head_json":{"title":"Jam\u00f3n de Bellota Ib\u00e9rico - 50% Raza Ib\u00e9rica - Dehesa Casablanca","robots":{"index":"index","follow":"follow","max-snippet":"max-snippet:-1","max-image-preview":"max-image-preview:large","max-video-preview":"max-video-preview:-1"},"canonical":"https:\/\/dehesacasablanca.com\/tienda\/producto\/jamon-de-bellota-iberico-50-raza-iberica\/","og_locale":"es_ES","og_type":"article","og_title":"Jam\u00f3n de Bellota Ib\u00e9rico - 50% Raza Ib\u00e9rica - Dehesa Casablanca","og_description":"El Jam\u00f3n de Bellota Ib\u00e9rico 50 % Raza Ib\u00e9rica, es la conjunci\u00f3n de un sentimiento, de un querer buscar la excelencia en el proceso de elaboraci\u00f3n y curaci\u00f3n.  La calidad comienza desde el momento del nacimiento del animal, la pureza de su raza, su alimentaci\u00f3n en las diferentes fases de crecimiento y lo m\u00e1s importante, la alimentaci\u00f3n a base de bellota en la Montanera.  El jam\u00f3n\u00a0 de bellota ib\u00e9rico 50 % Raza Ib\u00e9rica con una curaci\u00f3n de 48 a 50 meses y un proceso de curaci\u00f3n lento, artesanal\u00a0 y acorde a la meteorolog\u00eda del clima castellano, le otorga un sabor inconfundible y dulce propio.  Los pesos van desde 7,5 kg a 9.5 kg, y depende de la a\u00f1ada","og_url":"https:\/\/dehesacasablanca.com\/tienda\/producto\/jamon-de-bellota-iberico-50-raza-iberica\/","og_site_name":"Dehesa Casablanca","article_modified_time":"2021-09-23T08:49:30+00:00","og_image":[{"width":1600,"height":1829,"url":"https:\/\/dehesacasablanca.com\/tienda\/wp-content\/uploads\/2020\/10\/jamon-bellota-50-1-dehesa-casablanca.jpg","type":"image\/jpeg"}],"twitter_card":"summary_large_image","schema":{"@context":"https:\/\/schema.org","@graph":[{"@type":"WebSite","@id":"https:\/\/dehesacasablanca.com\/tienda\/#website","url":"https:\/\/dehesacasablanca.com\/tienda\/","name":"Dehesa Casablanca","description":"Cr\u00eda y cuidado del cerdo ib\u00e9rico","potentialAction":[{"@type":"SearchAction","target":{"@type":"EntryPoint","urlTemplate":"https:\/\/dehesacasablanca.com\/tienda\/?s={search_term_string}"},"query-input":"required name=search_term_string"}],"inLanguage":"es"},{"@type":"ImageObject","@id":"https:\/\/dehesacasablanca.com\/tienda\/producto\/jamon-de-bellota-iberico-50-raza-iberica\/#primaryimage","inLanguage":"es","url":"https:\/\/dehesacasablanca.com\/tienda\/wp-content\/uploads\/2020\/10\/jamon-bellota-50-1-dehesa-casablanca.jpg","contentUrl":"https:\/\/dehesacasablanca.com\/tienda\/wp-content\/uploads\/2020\/10\/jamon-bellota-50-1-dehesa-casablanca.jpg","width":1600,"height":1829,"caption":"Jam\u00f3n bellota 50"},{"@type":"WebPage","@id":"https:\/\/dehesacasablanca.com\/tienda\/producto\/jamon-de-bellota-iberico-50-raza-iberica\/#webpage","url":"https:\/\/dehesacasablanca.com\/tienda\/producto\/jamon-de-bellota-iberico-50-raza-iberica\/","name":"Jam\u00f3n de Bellota Ib\u00e9rico - 50% Raza Ib\u00e9rica - Dehesa Casablanca","isPartOf":{"@id":"https:\/\/dehesacasablanca.com\/tienda\/#website"},"primaryImageOfPage":{"@id":"https:\/\/dehesacasablanca.com\/tienda\/producto\/jamon-de-bellota-iberico-50-raza-iberica\/#primaryimage"},"datePublished":"2020-10-14T07:39:58+00:00","dateModified":"2021-09-23T08:49:30+00:00","breadcrumb":{"@id":"https:\/\/dehesacasablanca.com\/tienda\/producto\/jamon-de-bellota-iberico-50-raza-iberica\/#breadcrumb"},"inLanguage":"es","potentialAction":[{"@type":"ReadAction","target":["https:\/\/dehesacasablanca.com\/tienda\/producto\/jamon-de-bellota-iberico-50-raza-iberica\/"]}]},{"@type":"BreadcrumbList","@id":"https:\/\/dehesacasablanca.com\/tienda\/producto\/jamon-de-bellota-iberico-50-raza-iberica\/#breadcrumb","itemListElement":[{"@type":"ListItem","position":1,"name":"Home","item":"https:\/\/dehesacasablanca.com\/tienda\/"},{"@type":"ListItem","position":2,"name":"Productos","item":"https:\/\/dehesacasablanca.com\/tienda\/shop\/"},{"@type":"ListItem","position":3,"name":"Jam\u00f3n de Bellota Ib\u00e9rico &#8211; 50% Raza Ib\u00e9rica"}]}]}},"_links":{"self":[{"href":"https:\/\/dehesacasablanca.com\/tienda\/wp-json\/wp\/v2\/product\/2204"}],"collection":[{"href":"https:\/\/dehesacasablanca.com\/tienda\/wp-json\/wp\/v2\/product"}],"about":[{"href":"https:\/\/dehesacasablanca.com\/tienda\/wp-json\/wp\/v2\/types\/product"}],"replies":[{"embeddable":true,"href":"https:\/\/dehesacasablanca.com\/tienda\/wp-json\/wp\/v2\/comments?post=2204"}],"wp:featuredmedia":[{"embeddable":true,"href":"https:\/\/dehesacasablanca.com\/tienda\/wp-json\/wp\/v2\/media\/2210"}],"wp:attachment":[{"href":"https:\/\/dehesacasablanca.com\/tienda\/wp-json\/wp\/v2\/media?parent=2204"}],"wp:term":[{"taxonomy":"product_cat","embeddable":true,"href":"https:\/\/dehesacasablanca.com\/tienda\/wp-json\/wp\/v2\/product_cat?post=2204"},{"taxonomy":"product_tag","embeddable":true,"href":"https:\/\/dehesacasablanca.com\/tienda\/wp-json\/wp\/v2\/product_tag?post=2204"}],"curies":[{"name":"wp","href":"https:\/\/api.w.org\/{rel}","templated":true}]}}